{"id":724,"date":"2023-12-04T18:23:34","date_gmt":"2023-12-04T18:23:34","guid":{"rendered":"https:\/\/www.ultrafiord.com\/?page_id=724"},"modified":"2024-08-07T18:16:07","modified_gmt":"2024-08-07T18:16:07","slug":"trip-hotels","status":"publish","type":"page","link":"https:\/\/www.ultrafiord.com\/es\/trip-hotels","title":{"rendered":"Viaje y Hoteles"},"content":{"rendered":"<p><\/p>\n<style>\n#bannerPage {\nbackground-image: url('https:\/\/cdn.racingpatagonia.com\/ufiord\/images\/slideshow12_utf1704gusa3191e.jpg') !important;\nbackground-position: 0em 0em;\n}\n.container {\n    max-width: none;\n    margin: 0 auto !important;\n    padding: 0;\n}\ntd {\npadding: 3px;\n}\n.strongRed {\ncolor:#f00;\n}\n.fontzRed {\nfont-size: 13px;\ntext-align: center;\ncolor: #F00;\nfont-family: 'Futura';\nfont-weight: normal;\n-webkit-font-smoothing: antialiased;\n-moz-osx-font-smoothing: grayscale !important;\n}\n.textHighlightz {\ncolor: #90f6fa;\nfont-weight: bold;\ntext-shadow: 1px 0px 1px #0e3252 !important;\n}\n.textHighlightzDos {\ncolor: #0e3252;\nfont-weight: bold;\ntext-shadow: 1px 0px 1px #fff !important;\nfont-size: 14px;\ntext-transform: initial;\n}\n.segundoRowz {\nbackground-color: #0e3252;\n}\n.tableFirstContent {\ncolor: #fff;\npadding: 10px !important;\ntext-align: center;\nvertical-align: middle;\nfont-family: Futura;\nwidth: 22%;\nfont-size: 0.8em;\n}\n.tableSecondContent {\ncolor: #fff;\npadding: 10px !important;\ntext-align: left;\nvertical-align: top;\nfont-family: Futura;\nwidth: 50%;\nfont-size: 0.8em;\n}\n.tableMainContent {\ncolor: #fff;\npadding: 10px !important;\ntext-align: center;\nvertical-align: middle;\nfont-family: Futura;\nwidth: 7%;\nbackground-color: #e3ecf6;\ncolor: #0e3252;\nfont-size: 0.8em;\ntext-shadow: 1px 0px 1px #fff;\n}\n.tableStylingz {\ndisplay: table;\ntext-shadow: none;\n}\n.reduceFirstContent {\nfont-size: 0.75em;\ncolor: #fff;\n}\n.primeroInverse {\npadding: 10px 0px;\nfont-size: 1.6em;\n}\n.scrollTable {\nwidth:100%;\nheight:100%;\n}\n.noteInclude {\nfont-size:12px;\nbackground-color:#c2cdd9;\ncolor:#0b2847;\ntext-shadow: none;\ntext-transform: initial;\n}\n.tableFontAdjust {\ncolor: #fff;\nmargin: 10px;\ntext-align: center;\nfont-size: 16px;\nfont-family: 'futura_medium';\n}\n.preFloatz {\nmargin: 10px 0px;\n}\nhr {\nbackground-color: #a8f4f9;\nborder: none;\nheight: 2px;\n}\n.spaceOne {\npadding: 10px;\nwidth: 25%;\nmin-width: 175px;\n}\n.spaceTwo {\nbackground-color: #0b2847;\npadding: 0px !important;\nwidth: 50%;\n}\n.spaceThree {\npadding: 10px;\nwidth: 25%;\nmin-width: 175px;\n}\n.innerTableFontz {\ntext-align: center;\nfont-size: 1.3em;\nline-height: 140%;\nmargin-bottom: 15px !important;\ncolor:  var(--color-aquatext);\ntext-shadow: 0px 0px 1px #000, 1px 1px 2px #000;\npadding: 0px 10px;\nfont-family: 'Futura';\n}\n.innerTableFontzTres {\nfont-family: 'Futura';\npadding: 5px !important;\nmargin: 20px 0px !important;\ntext-align: center;\nfont-size: 0.8em;\nline-height: 100%;\nmargin-bottom: 15px !important;\ncolor: #0b2847;\ntext-shadow: 0px 0px 2px #fff;\nline-height: 120%;\n}\n#hotelRemotaLogo {\nbackground-image: url(https:\/\/www.cdn.racingpatagonia.com\/static\/logos\/logo_RemotaHotel.png);\nbackground-size: 73%;\nbackground-position: center;\nbackground-repeat: no-repeat;\n}\n#hotelRemotaHotel {\nbackground-image: url(https:\/\/www.cdn.racingpatagonia.com\/static\/hotels\/hotel_RemotaHotel.png);\nbackground-size: cover;\nbackground-position: center;\nbackground-repeat: no-repeat;\n}\n#hotelAustralisLogo {\nbackground-image: url(https:\/\/www.cdn.racingpatagonia.com\/static\/logos\/logo_costaAustralis.png);\nbackground-size: 82%;\nbackground-position: center;\nbackground-repeat: no-repeat;\n}\n#hotelAustralis {\nbackground-image: url(https:\/\/www.cdn.racingpatagonia.com\/static\/hotels\/hotel_costaAustralis.png);\nbackground-size: cover;\nbackground-position: center;\nbackground-repeat: no-repeat;\n}\n#hotelKauRioLogo {\nbackground-image: url(https:\/\/www.cdn.racingpatagonia.com\/static\/logos\/logo_kaupatagonia_rioserrano.png);\nbackground-size: 55%;\nbackground-position: center;\nbackground-repeat: no-repeat;\n}\n#hotelKauRioHotel {\nbackground-image: url(https:\/\/www.cdn.racingpatagonia.com\/static\/hotels\/hotel_kaupatagonia_rioserrano_paine.png);\nbackground-size: cover;\nbackground-position: left;\nbackground-repeat: no-repeat;\n}\n#hotelWeskarHotel {\nbackground-image: url(https:\/\/www.cdn.racingpatagonia.com\/static\/hotels\/hotel_weskarlodge.jpeg);\nbackground-size: cover;\nbackground-position: right;\nbackground-repeat: no-repeat;\n}\n#hotelWeskarLogo {\nbackground-image: url(https:\/\/www.cdn.racingpatagonia.com\/static\/logos\/logo_weskarlodge_2.png);\nbackground-size: 60%;\nbackground-position: center;\nbackground-repeat: no-repeat;\n}\n#hotelVendavalLogo {\nbackground-image: url(https:\/\/www.cdn.racingpatagonia.com\/static\/logos\/logo_hotelvendaval.png);\nbackground-size: 90%;\nbackground-position: center;\nbackground-repeat: no-repeat;\n}\n#hotelVendavalHotel {\nbackground-image: url(https:\/\/www.cdn.racingpatagonia.com\/static\/hotels\/hotel_hotelvendaval_web.png);\nbackground-size: cover;\nbackground-position: center;\nbackground-repeat: no-repeat;\n}\n#hotelFactoriaLogo {\nbackground-image: url(https:\/\/www.cdn.racingpatagonia.com\/static\/hotels\/logo_factoriapatagonia.png);\nbackground-size: 75%;\nbackground-position: center;\nbackground-repeat: no-repeat;\n}\n#hotelFactoriaHotel {\nbackground-image: url(https:\/\/www.cdn.racingpatagonia.com\/static\/hotels\/hotel_hotelfactoriapatagonia.jpeg);\nbackground-size: cover;\nbackground-position: center;\nbackground-repeat: no-repeat;\n}\n#mayo21Logo {\nbackground-image: url(https:\/\/www.cdn.racingpatagonia.com\/static\/logos\/logo_turismo21Mayo.png);\nbackground-size: 75%;\nbackground-position: center;\nbackground-repeat: no-repeat;\n}\n#hotelMayo21 {\nbackground-image: url(https:\/\/www.cdn.racingpatagonia.com\/static\/hotels\/boatGlacier_21Mayo.jpg);\nbackground-size: cover;\nbackground-position: center;\nbackground-repeat: no-repeat;\n}\n#sub4logo {\nbackground-image: url(https:\/\/www.cdn.racingpatagonia.com\/static\/logos\/logo_Sub4Turismo.png);\nbackground-size: 85%;\nbackground-position: center;\nbackground-repeat: no-repeat;\n}\n#hotelIndigoLogo {\nbackground-image: url(https:\/\/www.cdn.racingpatagonia.com\/static\/logos\/logo_IndigoNoi.png);\nbackground-size: 60%;\nbackground-position: center;\nbackground-repeat: no-repeat;\n}\n#hotelIndigoHotel {\nbackground-image: url(https:\/\/www.cdn.racingpatagonia.com\/static\/hotels\/hotel_IndigoNoi.png);\nbackground-size: cover;\nbackground-position: right;\nbackground-repeat: no-repeat;\n}\n#hotelPatagoniaCampLogo {\nbackground-image: url(https:\/\/www.cdn.racingpatagonia.com\/rpatagonia\/collaborators\/logo_patagoniaCamp_nuevo_negro_web.png);\nbackground-size: 65%;\nbackground-position: center;\nbackground-repeat: no-repeat;\n}\n#hotelPatagoniaCamp {\nbackground-image: url(https:\/\/www.cdn.racingpatagonia.com\/static\/hotels\/hotel_patagoniacamp.png);\nbackground-size: cover;\nbackground-position: center;\nbackground-repeat: no-repeat;\n}\n#hotelFactoriaLogo {\nbackground-image: url(https:\/\/cdn.racingpatagonia.com\/static\/hotels\/logo_factoriapatagonia.png);\nbackground-size: 90%;\nbackground-position: center;\nbackground-repeat: no-repeat;\n}\n#hotelFactoriaHotel {\nbackground-image: url(https:\/\/cdn.racingpatagonia.com\/static\/hotels\/hotel_hotelfactoriapatagonia.jpeg);\nbackground-size: cover;\nbackground-position: center;\nbackground-repeat: no-repeat;\n}\n#restaurantMaritimoLogo {\nbackground-image: url(https:\/\/cdn.racingpatagonia.com\/static\/hotels\/logo_restaurantmaritimo.jpeg);\nbackground-size: 70%;\nbackground-position: center;\nbackground-repeat: no-repeat;\n}\n#restaurantMaritimoLocal {\nbackground-image: url(https:\/\/cdn.racingpatagonia.com\/static\/hotels\/local_maritimorestaurant.jpeg);\nbackground-size: cover;\nbackground-position: initial;\nbackground-repeat: no-repeat;\n}\n#restaurantAsadorLogo {\nbackground-image: url(https:\/\/cdn.racingpatagonia.com\/static\/hotels\/logo-asador.png);\nbackground-size: 50%;\nbackground-position: center;\nbackground-repeat: no-repeat;\n}\n#restaurantAsadorLocal {\nbackground-image: url(https:\/\/cdn.racingpatagonia.com\/static\/hotels\/local_asadorrestaurant.jpeg);\nbackground-size: cover;\nbackground-position: initial;\nbackground-repeat: no-repeat;\n}\n#restaurantMesitaLogo {\nbackground-image: url(https:\/\/www.cdn.racingpatagonia.com\/static\/logos\/logo_mesitagrande.png);\nbackground-size: 70%;\nbackground-position: center;\nbackground-repeat: no-repeat;\n}\n#restaurantMesitaLocal {\nbackground-image: url(https:\/\/www.cdn.racingpatagonia.com\/static\/hotels\/local_mesitagrande.png);\nbackground-size: cover;\nbackground-position: initial;\nbackground-repeat: no-repeat;\n}\n#camaraTurismoLogo {\nbackground-image: url(https:\/\/www.cdn.racingpatagonia.com\/static\/logos\/logo_camara_turismo_ultimaesperanza.png);\nbackground-size: 80%;\nbackground-position: center;\nbackground-repeat: no-repeat;\n}\n#hotelCamaraTurismo {\nbackground-image: url(https:\/\/www.cdn.racingpatagonia.com\/static\/hotels\/hotel_CamaraTurismo.png);\nbackground-size: cover;\nbackground-position: center;\nbackground-repeat: no-repeat;\n}\n.remotaKit {\npadding: 0px;\nbackground-color: var(--color-aquatext);\nmargin-bottom: 10px;\nborder: 1px solid #fff;\n}\n.remotaSplitz {\npadding: 5px;\n}\n.links {\ncolor: var(--color-aquatext);\n}\n.links:hover {\ncolor: #fff;\ncursor: pointer;\n}\n.ufTrademark {\nposition: relative;\ntop: 4px;\n}\n@media screen and (max-width: 736px) {\n.scrollTable {\noverflow:scroll;\n}\n#bannerPage {\nbackground-position: 50%; !important;\n}\n}\n@media screen and (max-width: 480px) { \n.scrollTable {\noverflow:scroll;\n}\n#bannerPage {\nbackground-position: 50%; !important;\n}\n}\n<\/style>\n<div style=\"margin:0em 2.5em;\">\n<p class=\"fontz\">Las estad\u00edsticas de <strong>Ultra Fiord<sup class=\"ufTrademark\">\u00ae<\/sup><\/strong> muestran que gran parte de los corredores han viajado desde otras regiones de Chile y desde m\u00e1s de 35 pa\u00edses. De este modo, es evidente que la log\u00edstica personal del viaje, y la organizaci\u00f3n de la estad\u00eda en la zona, es uno de los puntos m\u00e1s importantes de esta experiencia. En esta secci\u00f3n encontrar\u00e1s informaci\u00f3n que podr\u00eda ser \u00fatil en tu planificaci\u00f3n.<\/p>\n<p class=\"fontz\">En la Comuna de Torres del Paine y especialmente en Puerto Natales, que es la ciudad base del evento, encontrar\u00e1s una gran diversidad de servicios y opciones de alojamiento. As\u00ed tambi\u00e9n, podr\u00e1s complementar tu viaje a Patagonia con muchas otras actividades. En general, los tiempos de estad\u00eda de los corredores en la zona son de 5 a 7 d\u00edas.<\/p>\n<p class=\"fontz\">Para soporte espec\u00edfico en la log\u00edstica de tu viaje (en la b\u00fasqueda de hoteles, programas u otras posibilidades complementarias), hemos habilitado el correo <a href=\"mailto:travel@racingpatagonia.com\">travel@racingpatagonia.com<\/a>, donde te asistir\u00e1 un especialista en estos temas.<\/p>\n<p class=\"fontz\">Adem\u00e1s, en esta secci\u00f3n, iremos presentando los hoteles y otros servicios que ofrecen promociones especiales para corredores y son amigos de <strong>Ultra Fiord<sup class=\"ufTrademark\">\u00ae<\/sup><\/strong>:<\/p>\n<\/div>\n<div class=\"scrollTable\">\n<table class=\"tableStylingz\">\n<tbody>\n<tr class=\"primeroRowz\">\n<td colspan=\"3\" class=\"primeroInverse\">Hoteles Amigos<\/td>\n<\/tr>\n<tr>\n<td class=\"spaceOne\" id=\"hotelAustralisLogo\"><\/td>\n<td class=\"spaceTwo\">\n<p class=\"innerTableFontz\"><em>Hotel Costaustralis<\/em><\/p>\n<div class=\"remotaKit\">\n<p class=\"innerTableFontzTres\">La <span class=\"remotaRed\">entrega de Kits<\/span> ser\u00e1 aqu\u00ed, en los grandes salones de Costaustralis.<\/p>\n<\/div>\n<p class=\"fontz tableFontAdjust\">Se encuentra ubicado en la costanera del sector c\u00e9ntrico de Puerto Natales.<\/p>\n<hr \/>\n<div class=\"preFloatz\">\n<p class=\"fontz tableFontAdjust\"><strong>Email<\/strong>: <a class=\"links costaLinks\" href=\"mailto:reservas@hotelesaustralis.com\">reservas@hotelesaustralis.com<\/a><\/p>\n<p class=\"fontz tableFontAdjust\"><strong>Sitio Web<\/strong>:<br \/> <a class=\"links costaLinks\" href=\"https:\/\/www.hotelcostaustralis.com\/\" target=\"_blank\" title=\"Sitio Web de Costaustralis\" onclick=\"trackOutboundLink('https:\/\/www.hotelcostaustralis.com\/'); return true;\" rel=\"noopener noreferrer\">Costaustralis<\/a><\/p>\n<\/td>\n<\/div>\n<\/td>\n<td class=\"spaceThree\" id=\"hotelAustralis\"><\/td>\n<\/tr>\n<tr>\n<td class=\"spaceOne\" id=\"hotelKauRioLogo\"><\/td>\n<td class=\"spaceTwo\">\n<p class=\"innerTableFontz\"><em>Kau R\u00edo Serrano<\/em><\/p>\n<p class=\"fontz tableFontAdjust\">Se ubica muy cerca de una de las entradas al Parque Nacional Torres del Paine, en el Sector R\u00edo Serrano. Puedes revisar las tarifas especiales ofrecidas espec\u00edficamente a nuestras participantes <a class=\"links\" href=\"https:\/\/cdn.racingpatagonia.com\/rpatagonia\/collaborators\/kauRioSerrano_racingPatagonia.pdf\" target=\"_blank\" title=\"Tarifas Especiales de Kau R\u00edo Serrano para Racing Patagonia\" rel=\"noopener\">aqu\u00ed<\/a>.<\/p>\n<div class=\"remotaKit\">\n<p class=\"innerTableFontzTres\"><span class=\"remotaRed\">Ubicado pr\u00f3ximo a la meta para todas las distancias.<\/p>\n<\/div>\n<div class=\"preFloatz\">\n<p class=\"fontz tableFontAdjust\"><strong>Email<\/strong>: <a class=\"links\" href=\"mailto:reservas@kaupatagonia.com\">reservas@kaupatagonia.com<\/a><\/p>\n<p class=\"fontz tableFontAdjust\"><strong>Sitio Web<\/strong>:<br \/> <a class=\"links kauserranoLinks\" href=\"https:\/\/www.kaurioserrano.com\" target=\"_blank\" title=\"Kau R\u00edo Serrano Sitio Web\" onclick=\"trackOutboundLink('https:\/\/www.kaurioserrano.com'); return true;\" rel=\"noopener noreferrer\">Kau R\u00edo Serrano<\/a><\/p>\n<\/td>\n<\/div>\n<\/td>\n<td class=\"spaceThree\" id=\"hotelKauRioHotel\"><\/td>\n<\/tr>\n<tr>\n<td class=\"spaceOne\" id=\"hotelWeskarLogo\"><\/td>\n<td class=\"spaceTwo\">\n<p class=\"innerTableFontz\"><em>Weskar Patagonian Lodge<\/em><\/p>\n<p class=\"fontz tableFontAdjust\">Se encuentra ubicado a 1200 metros del centro de Puerto Natales por la costanera.<\/p>\n<hr \/>\n<div class=\"preFloatz\">\n<p class=\"fontz tableFontAdjust\"><strong>Email<\/strong>: <a class=\"links weskarLinks\" href=\"mailto:sales@weskar.cl\">sales@weskar.cl<\/a><\/p>\n<p class=\"fontz tableFontAdjust\"><strong>Sitio Web<\/strong>:<br \/> <a class=\"links weskarLinks\" href=\"https:\/\/www.weskar.cl\/\" target=\"_blank\" title=\"Weskar Patagonian Lodge Sitio Web\" onclick=\"trackOutboundLink('https:\/\/www.weskar.cl\/'); return true;\" rel=\"noopener noreferrer\">Weskar Patagonian Lodge<\/a><\/p>\n<\/td>\n<\/div>\n<\/td>\n<td class=\"spaceThree\" id=\"hotelWeskarHotel\"><\/td>\n<\/tr>\n<tr>\n<td class=\"spaceOne\" id=\"hotelVendavalLogo\"><\/td>\n<td class=\"spaceTwo\">\n<p class=\"innerTableFontz\"><em>Hotel Vendaval<\/em><\/p>\n<p class=\"fontz tableFontAdjust\">Se encuentra ubicado a media cuadra de Plaza de Armas, Puerto Natales.<\/p>\n<hr \/>\n<div class=\"preFloatz\">\n<p class=\"fontz tableFontAdjust\"><strong>Email<\/strong>: <a class=\"links vendavalLinks\" href=\"mailto:contacto@hotelvendaval.com\">contacto@hotelvendaval.com<\/a><\/p>\n<p class=\"fontz tableFontAdjust\"><strong>Sitio Web<\/strong>: <a class=\"links vendavalLinks\" href=\"http:\/\/hotelvendaval.com\/\" target=\"_blank\" title=\"Hotel Vendaval Sitio Web\" onclick=\"trackOutboundLink('http:\/\/hotelvendaval.com\/'); return true;\" rel=\"noopener noreferrer\">Hotel Vendaval<\/a><\/p>\n<\/td>\n<\/div>\n<\/td>\n<td class=\"spaceThree\" id=\"hotelVendavalHotel\"><\/td>\n<\/tr>\n<tr>\n<td class=\"spaceOne\" id=\"hotelIndigoLogo\"><\/td>\n<td class=\"spaceTwo\">\n<p class=\"innerTableFontz\"><em>Noi Indigo Patagonia<\/em><\/p>\n<p class=\"fontz tableFontAdjust\">Se encuentra ubicado en la costanera del sector c\u00e9ntrico de Puerto Natales.<\/p>\n<hr \/>\n<div class=\"preFloatz\">\n<p class=\"fontz tableFontAdjust\"><strong>Email<\/strong>: <a class=\"links indigoLinks\" href=\"mailto:reservas@noihotels.com\">reservas@noihotels.com<\/a><\/p>\n<p class=\"fontz tableFontAdjust\"><strong>Website<\/strong>: <a class=\"links indigoLinks\" href=\"https:\/\/www.noihotels.com\/noi-indigo-patagonia\" target=\"_blank\" title=\"Hotel Indigo Reservas\" onclick=\"trackOutboundLink('https:\/\/www.noihotels.com\/noi-indigo-patagonia'); return true;\" rel=\"noopener noreferrer\">Hotel Noi Indigo<\/a><\/p>\n<\/td>\n<\/div>\n<\/td>\n<td class=\"spaceThree\" id=\"hotelIndigoHotel\"><\/td>\n<\/tr>\n<tr>\n<td class=\"spaceOne\" id=\"hotelPatagoniaCampLogo\"><\/td>\n<td class=\"spaceTwo\">\n<p class=\"innerTableFontz\"><em>Patagonia Camp Lodge<\/em><\/p>\n<p class=\"fontz tableFontAdjust\">Se ubica a unos 18km del acceso sur al Parque Nacional Torres del Paine (Porter\u00eda R\u00edo Serrano).<\/p>\n<hr \/>\n<div class=\"preFloatz\">\n<p class=\"fontz tableFontAdjust\"><strong>Email<\/strong>: <a class=\"links pcampLinks\" href=\"mailto:reservas@patagoniacamp.com\">reservas@patagoniacamp.com<\/a><\/p>\n<p class=\"fontz tableFontAdjust\"><strong>Sitio Web<\/strong>:<br \/> <a class=\"links pcampLinks\" href=\"https:\/\/www.patagoniacamp.com\/\" target=\"_blank\" title=\"Patagonia Camp Sitio Web\" onclick=\"trackOutboundLink('https:\/\/www.patagoniacamp.com\/'); return true;\" rel=\"noopener noreferrer\">Patagonia Camp<\/a><\/p>\n<\/td>\n<\/div>\n<\/td>\n<td class=\"spaceThree\" id=\"hotelPatagoniaCamp\"><\/td>\n<\/tr>\n<tr>\n<td class=\"spaceOne\" id=\"hotelFactoriaLogo\"><\/td>\n<td class=\"spaceTwo\">\n<p class=\"innerTableFontz\"><em>Hotel Factoria Patagonia<\/em><\/p>\n<p class=\"fontz tableFontAdjust\">Se encuentra ubicado a minutos de la costanera del sector c\u00e9ntrico de Puerto Natales.<\/p>\n<hr \/>\n<div class=\"preFloatz\">\n<p class=\"fontz tableFontAdjust\"><strong>Email<\/strong>: <a class=\"links factoriaLinks\" href=\"mailto:reservas@factoriapatagonia.com\">reservas@factoriapatagonia.com<\/a><\/p>\n<p class=\"fontz tableFontAdjust\"><strong>Sitio Web<\/strong>:<br \/> <a class=\"links factoriaLinks\" href=\"http:\/\/www.factoriapatagonia.com\/\" target=\"_blank\" title=\"Hotel Factoria Patagonia Sitio Web\" onclick=\"trackOutboundLink('http:\/\/www.factoriapatagonia.com\/'); return true;\" rel=\"noopener noreferrer\">Hotel Factoria Patagonia<\/a><\/p>\n<\/td>\n<\/div>\n<\/td>\n<td class=\"spaceThree\" id=\"hotelFactoriaHotel\"><\/td>\n<\/tr>\n<tr class=\"primeroRowz\">\n<td colspan=\"3\" class=\"primeroInverse\">Agencia oficial para Brasil<\/td>\n<\/tr>\n<tr>\n<td class=\"spaceOne\" id=\"sub4logo\"><\/td>\n<td class=\"spaceTwo\">\n<p class=\"innerTableFontz\"><em>Sub 4 Turismo Esportivo<\/em><\/p>\n<p class=\"fontz tableFontAdjust\">Con el Sub4 no tendr\u00e1s que preocuparte de nada m\u00e1s que de tu entrenamiento para estar preparado para afrontar el reto de la carrera. Nuestros paquetes est\u00e1n dise\u00f1ados para hacer tu viaje lo m\u00e1s f\u00e1cil posible, siempre con comodidad, seguridad, servicio y diversi\u00f3n.<\/p>\n<hr \/>\n<div class=\"preFloatz\">\n<p class=\"fontz tableFontAdjust\"><strong>Website<\/strong>:<br \/> <a class=\"links sub4Links\" href=\"https:\/\/www.sub4.com.br\/\" target=\"_blank\" title=\"Sub 4 Turismo\" onclick=\"trackOutboundLink('https:\/\/www.sub4.com.br\/'); return true;\" rel=\"noopener noreferrer\">Sub 4 Turismo Esportivo<\/a><\/p>\n<p class=\"fontz tableFontAdjust\"><strong>WhatsApp<\/strong>:<br \/> <a class=\"links sub4Links\" href=\"https:\/\/api.whatsapp.com\/send?phone=5511945320229\" target=\"_blank\" title=\"WhatsApp Sub4\" onclick=\"trackOutboundLink('https:\/\/api.whatsapp.com\/send?phone=5511945320229'); return true;\" rel=\"noopener noreferrer\">+55 11 94532-0229<\/a><\/span> or <a class=\"links sub4Links\" href=\"https:\/\/api.whatsapp.com\/send?phone=555198229219\" target=\"_blank\" title=\"WhatsApp Sub4\" onclick=\"trackOutboundLink('https:\/\/api.whatsapp.com\/send?phone=555198229219'); return true;\" rel=\"noopener noreferrer\">+55 51 98229-2197<\/a><\/p>\n<\/td>\n<\/div>\n<td class=\"spaceThree\" id=\"sub4logo\"><\/td>\n<\/tr>\n<tr class=\"primeroRowz\" style=\"display:none;\">\n<td colspan=\"3\" class=\"primeroInverse\">Restaurantes Amigos<\/td>\n<\/tr>\n<tr style=\"display:none;\">\n<td class=\"spaceOne\" id=\"restaurantMesitaLogo\"><\/td>\n<td class=\"spaceTwo\">\n<p class=\"innerTableFontz\"><em>Mesita Grande<\/em><\/p>\n<p class=\"fontz tableFontAdjust\">Se encuentra ubicado en la esquina de Plaza de Armas, Puerto Natales.<\/p>\n<hr \/>\n<div class=\"preFloatz\">\n<p class=\"fontz tableFontAdjust\"><strong>Contact<\/strong>:<br \/> <a class=\"links\" href=\"https:\/\/mesitagrande.cl\/\" target=\"_blank\" title=\"Website Mesita Grande\" onclick=\"trackOutboundLink('https:\/\/mesitagrande.cl\/'); return true;\" rel=\"noopener noreferrer\">Mesita Grande Website<\/a><\/p>\n<\/td>\n<\/div>\n<\/td>\n<td class=\"spaceThree\" id=\"restaurantMesitaLocal\"><\/td>\n<\/tr>\n<tr style=\"display:none;\">\n<td class=\"spaceOne\" id=\"restaurantAsadorLogo\"><\/td>\n<td class=\"spaceTwo\">\n<p class=\"innerTableFontz\"><em>El Asador Patag\u00f3nico<\/em><\/p>\n<p class=\"fontz tableFontAdjust\" id=\"asadorPadding\">Se encuentra ubicado en Plaza de Armas, Puerto Natales.<\/p>\n<hr \/>\n<div class=\"preFloatz\">\n<p class=\"fontz tableFontAdjust\"><strong>Contacto<\/strong>: <a class=\"links\" href=\"https:\/\/www.facebook.com\/asadorpatagoniconatales\/\" target=\"_blank\" title=\"Facebook El Asador Patag\u00f3nico\" onclick=\"trackOutboundLink('https:\/\/www.facebook.com\/asadorpatagoniconatales\/'); return true;\" rel=\"noopener noreferrer\">El Asador Patag\u00f3nico Facebook<\/a><\/p>\n<\/td>\n<\/div>\n<\/td>\n<td class=\"spaceThree\" id=\"restaurantAsadorLocal\"><\/td>\n<\/tr>\n<tr class=\"primeroRowz\">\n<td colspan=\"3\" class=\"primeroInverse\">Navegaci\u00f3n por el Fiordo<\/td>\n<\/tr>\n<tr>\n<td class=\"spaceOne\" id=\"mayo21Logo\"><\/td>\n<td class=\"spaceTwo\">\n<p class=\"innerTableFontz\"><em>Turismo 21 de Mayo<\/em><\/p>\n<div class=\"remotaKit\" style=\"display:none;\">\n<p class=\"innerTableFontzTres\"><span class=\"remotaRed\">10% dscto <\/span> en navegaci\u00f3n Glaciares Balmaceda y Serrano.<\/p>\n<\/div>\n<p class=\"fontz tableFontAdjust\">Con m\u00e1s de 50 a\u00f1os navegando en la Patagonia, Turismo 21 de Mayo, es la empresa lider en excursiones a los glaciares Balmaceda, Serrano y Torres del Paine.<\/p>\n<hr \/>\n<div class=\"preFloatz\">\n<p class=\"fontz tableFontAdjust\"><strong>Website<\/strong>:<br \/> <a class=\"links mayo21Links\" href=\"https:\/\/www.turismo21demayo.com\/\" target=\"_blank\" title=\"Website Turismo 21 Mayo\" onclick=\"trackOutboundLink('https:\/\/www.turismo21demayo.com\/'); return true;\" rel=\"noopener noreferrer\">Turismo 21 de Mayo<\/a><\/p>\n<\/td>\n<\/div>\n<\/td>\n<td class=\"spaceThree\" id=\"hotelMayo21\"><\/td>\n<\/tr>\n<tr class=\"primeroRowz\">\n<td colspan=\"3\" class=\"primeroInverse\">ASOCIACI\u00d3N DE EMPRESAS DE TURISMO<\/td>\n<\/tr>\n<tr>\n<td class=\"spaceOne\" id=\"camaraTurismoLogo\"><\/td>\n<td class=\"spaceTwo\">\n<p class=\"innerTableFontz\"><em>Departamento de Turismo de \u00daltima Esperanza<\/em><\/p>\n<p class=\"fontz tableFontAdjust\">Con m\u00e1s de 30 a\u00f1os de historia, la C\u00e1mara de Turismo de \u00daltima Esperanza es la principal asociaci\u00f3n de empresas vinculadas al turismo en la zona. En su web puedes encontrar datos \u00fatiles como: gastronom\u00eda local, hoteler\u00eda, protocolos de seguridad en viaje, excursiones, v\u00edas de conexi\u00f3n, transporte terrestre &#8211; a\u00e9reo y mucho m\u00e1s.<\/p>\n<hr \/>\n<div class=\"preFloatz\">\n<p class=\"fontz tableFontAdjust\"><strong>Website<\/strong>:<br \/> <a class=\"links camaraLinks\" href=\"https:\/\/www.destinonatales.com\" target=\"_blank\" title=\"Website C\u00e1mara de Turismo de \u00daltima Esperanza\" onclick=\"trackOutboundLink('https:\/\/www.destinonatales.com'); return true;\" rel=\"noopener noreferrer\">C\u00e1mara de Turismo de \u00daltima Esperanza<\/a><\/p>\n<\/td>\n<\/div>\n<\/td>\n<td class=\"spaceThree\" id=\"hotelCamaraTurismo\"><\/td>\n<\/tr>\n<\/tbody>\n<\/table>\n<\/div>\n<p><\/p>","protected":false},"excerpt":{"rendered":"<p>Las estad\u00edsticas de Ultra Fiord\u00ae muestran que gran parte de los corredores han viajado desde otras regiones de Chile y desde m\u00e1s de 35 pa\u00edses. De este modo, es evidente que la log\u00edstica personal del viaje, y la organizaci\u00f3n de la estad\u00eda en la zona, es uno de los puntos m\u00e1s importantes de esta experiencia. [&hellip;]<\/p>\n","protected":false},"author":1,"featured_media":0,"parent":0,"menu_order":0,"comment_status":"closed","ping_status":"closed","template":"","meta":[],"_links":{"self":[{"href":"https:\/\/www.ultrafiord.com\/es\/wp-json\/wp\/v2\/pages\/724"}],"collection":[{"href":"https:\/\/www.ultrafiord.com\/es\/wp-json\/wp\/v2\/pages"}],"about":[{"href":"https:\/\/www.ultrafiord.com\/es\/wp-json\/wp\/v2\/types\/page"}],"author":[{"embeddable":true,"href":"https:\/\/www.ultrafiord.com\/es\/wp-json\/wp\/v2\/users\/1"}],"replies":[{"embeddable":true,"href":"https:\/\/www.ultrafiord.com\/es\/wp-json\/wp\/v2\/comments?post=724"}],"version-history":[{"count":43,"href":"https:\/\/www.ultrafiord.com\/es\/wp-json\/wp\/v2\/pages\/724\/revisions"}],"predecessor-version":[{"id":881,"href":"https:\/\/www.ultrafiord.com\/es\/wp-json\/wp\/v2\/pages\/724\/revisions\/881"}],"wp:attachment":[{"href":"https:\/\/www.ultrafiord.com\/es\/wp-json\/wp\/v2\/media?parent=724"}],"curies":[{"name":"wp","href":"https:\/\/api.w.org\/{rel}","templated":true}]}}