{"id":451,"date":"2023-11-28T16:31:09","date_gmt":"2023-11-28T16:31:09","guid":{"rendered":"https:\/\/www.blue.endurancepatagonia.com\/?page_id=451"},"modified":"2025-03-14T17:06:07","modified_gmt":"2025-03-14T17:06:07","slug":"calendar","status":"publish","type":"page","link":"https:\/\/www.ultrafiord.com\/es\/calendar","title":{"rendered":"Cronograma"},"content":{"rendered":"<p><\/p>\n<style>\n#bannerPage {\nbackground-image: url('https:\/\/cdn.racingpatagonia.com\/ufiord\/images\/slideshow15_utf2202gusaMBV8261.jpg') !important;\nbackground-position: 0em 0em;\n}\n#editionTitlez {\ntext-transform: uppercase;\ntext-align: center;\nfont-size: 5em;\ncolor: #0c5086;\ntext-shadow: 0px 0px 2px #90f6fa, 0px 0px 2px #90f6fa, 0px 0px 2px #90f6fa;\nfont-family: 'PressStyleExtra';\n-webkit-font-smoothing: antialiased;\n-moz-osx-font-smoothing: grayscale !important;\nfont-weight: normal;\nmargin: 0 auto;\nletter-spacing: 6px;\ntext-rendering: geometricPrecision;\nmargin-bottom: -20px;\n}\n#fontDropOne {\n-webkit-font-smoothing: antialiased;\n-moz-osx-font-smoothing: grayscale !important;\nfont-weight: normal;\nmargin: 0 auto;\ntext-shadow: 1px 0px 1px #0c5086, 1px 1px 1px #0c5086, 1px 1px 1px #0c5086;\ncolor: #90f6fa;\nfont-family: 'PressStyleExtra';\nfont-size: 2.5em;\nletter-spacing: 2px;\ntext-transform: uppercase;\ntext-align: center;\n}\n#fontDropTwo {\n-webkit-font-smoothing: antialiased;\n-moz-osx-font-smoothing: grayscale !important;\nfont-weight: normal;\nmargin: 0 auto;\ntext-shadow: 1px 0px 0px #90f6fa, 1px 1px 0px #90f6fa, 1px 1px 0px #90f6fa;\ncolor: #0c5086;\nfont-family: 'PressStyleExtra';\nfont-size: 2em;\nletter-spacing: 7px;\ntext-transform: uppercase;\ntext-align: center;\ntext-rendering: geometricPrecision;\n}\n.registered {\nfont-size: 15px;\nposition: relative;\ntop: -45px;\ntext-shadow: none !important;\ncolor: #0c5086;\nfont-family:KeepCalm;\nleft: -4px;\n}\n.textDropOne {\nfont-size: 8px;\nposition: relative;\ntop: -3px;\nletter-spacing: 1px;\nmargin: 0px;\nwhite-space: pre-line;\ntext-shadow: 1px 1px 1px #000;\nfont-family: 'KeepCalm';\ntext-transform: uppercase;\nline-height: 150%;\n}\n.entry table td {\nvertical-align: middle !important; \nborder: 1px solid #fff !important;\n}\ntable {\nborder-collapse: initial;\n}\n.ufTrademark {\nposition: relative;\ntop: 4px;\n}\n.titleFontzContainer {\nmargin: 30px 0px 0px 0px;\n}\n.fontz {\nmargin: 20px;\n}\n.tableFiord {\nbackground-color: #c2cdd9;\ncolor: #0b2847;\ntext-shadow: 1px 1px 1px #fff;\nletter-spacing: 1px;\nfont-family: 'PressStyleExtra';\nfont-weight: normal;\n-webkit-font-smoothing: antialiased;\n-moz-osx-font-smoothing: grayscale !important;\ntext-rendering: geometricPrecision;\nfont-size: 2.5em;\nvertical-align: middle;\npadding: 7px !important;\nline-height: 100%;\n}\n.tableStylingz {\ndisplay: table;\ntext-shadow: none;\nmargin: 0 auto !important;\n}\n.noteInclude {\nfont-size:12px;\nbackground-color:#c2cdd9;\ncolor:#0b2847;\ntext-shadow: none;\n}\n.distanceHeader {\nfont-size: 1.8em;\n}\n.primeroColumnz, .segundoColumnz, .terceroColumnz {\ntext-transform: initial;\n}\n.scrollTable {\nwidth:100%;\nheight:100%;\nmax-width: 1200px;\nmargin: 0 auto;\nmargin-bottom: 30px;\n}\n.fontzCenter {\ntext-align: center;\n}\n.hotelLinkz {\ncolor:var(--color-aquatext);\n}\n.hotelLinkz:hover {\ncolor:var(--color-fiordlightblueDos)!important;\n}\n.seperatorTitles {\ncolor: var(--color-white) !important;\n}\n.primeroRowz {\nbackground-color: #90f6fa !important;\n}\n@media screen and (max-width: 1200px) {\n#bannerPage {\nbackground-position: right;\n}\n}\n@media screen and (max-width: 736px) {\n.scrollTable {\noverflow: scroll;\n}\n#bannerPage {\nbackground-position: -50em 0em;\n}\n}\n@media screen and (max-width: 480px) { \n.scrollTable {\noverflow: scroll;\n}\n#bannerPage {\nbackground-position: -50em 0em;\n}\n.fontz {\ntext-align: left;\n}\n}\n@media screen and (max-width: 480px) and (orientation: portrait) {\n.scrollTable {\noverflow: scroll;\n}\n#bannerPage {\nbackground-position: -50em 0em !important;\n}\n}\n<\/style>\n<p class=\"fontz\">En esta secci\u00f3n encontrar\u00e1s todo el cronograma oficial del evento. Es tu responsabilidad estar atento a este calendario y a sus posibles modificaciones.<\/p>\n<div class=\"titleSeperators\">\n<h3 class=\"seperatorTitles\">Inscripciones<\/h3>\n<\/div>\n<p class=\"fontz\">Para iniciar tu proceso de postulaci\u00f3n debes ingresar directamente a la <a href=\"https:\/\/www.ultrafiord.com\/es\/registration\/\" title=\"Inscripciones de Ultra Fiord\" target=\"_blank\" rel=\"noopener\">Secci\u00f3n de Inscripciones<\/a>.<\/p>\n<div class=\"titleSeperators\">\n<h3 class=\"seperatorTitles\">Charla Tecnica Virtual<\/h3>\n<\/div>\n<p class=\"fontz\">En los di\u0301as previos a ULTRA FIORD<sup class=\"ufTrademark\">\u00ae<\/sup> se desarrollara\u0301 una serie de charlas te\u0301cnicas virtuales (v\u00eda Zoom) seg\u00fan la distancia de carrera, en dos horarios y d\u00edas diferentes para que puedas elegir la que m\u00e1s te acomode. Cada charla durar\u00e1 aproximadamente 20 minutos, con unos 10 a 15 minutos adicionales para posibles preguntas. Para confirmar tu participaci\u00f3n, deber\u00e1s registrarte, y luego te enviaremos el enlace y c\u00f3digo de acceso a tu correo electr\u00f3nico y n\u00famero de WhatsApp. Es altamente recomendada para todas las distancias.<\/p>\n<div class=\"scrollTable\">\n<table class=\"aligncenter tableStylingz\">\n<tbody>\n<tr>\n<td class=\"primeroRowz\">Fecha<\/td>\n<td class=\"primeroRowz\">Distancia<\/td>\n<td class=\"primeroRowz\">Hora<\/td>\n<td class=\"primeroRowz\">Idioma<\/td>\n<\/tr>\n<tr>\n<td class=\"primeroColumnz\" rowspan=\"2\">Ser\u00e1 confirmada<\/td>\n<td class=\"tableCatz\">16K y 30K<\/td>\n<td class=\"tableCatz\">18:00 CLT<\/td>\n<td class=\"tableCatz\">Espa\u00f1ol<\/td>\n<\/tr>\n<tr>\n<td class=\"tableCatz\">42K y 55K<\/td>\n<td class=\"tableCatz\">19:00 CLT<\/td>\n<td class=\"tableCatz\">Espa\u00f1ol<\/td>\n<\/tr>\n<tr>\n<td class=\"primeroColumnz\" rowspan=\"2\">Ser\u00e1 confirmada<\/td>\n<td class=\"tableCatz\">16K, 30K, 42K y 55K<\/td>\n<td class=\"tableCatz\">18:00 CLT<\/td>\n<td class=\"tableCatz\">Ingl\u00e9s<\/td>\n<\/tr>\n<\/tbody>\n<\/table>\n<\/div>\n<div class=\"titleSeperators\">\n<h3 class=\"seperatorTitles\">Revisi\u00f3n de Equipamiento, Retiro de Pasaporte, Retiro de Kit<\/h3>\n<\/div>\n<p class=\"fontz\">El Kit de Corredor se entregar\u00e1 en Puerto Natales de acuerdo a la siguiente programaci\u00f3n:<\/p>\n<div class=\"scrollTable\">\n<table class=\"aligncenter tableStylingz\">\n<tbody>\n<tr>\n<td class=\"primeroRowz\">Fecha<\/td>\n<td class=\"primeroRowz\">Hora<\/td>\n<td class=\"primeroRowz\">Ubicaci\u00f3n<\/td>\n<\/tr>\n<tr>\n<td class=\"primeroColumnz\">Ser\u00e1 confirmada<\/td>\n<td class=\"tableCatz\">16:00 &#8211; 20:00<\/td>\n<td class=\"tableCatz\">Hotel Costaustralis<br \/><a class=\"hotelLinkz\" href=\"https:\/\/maps.app.goo.gl\/iHoswRGG72EKjU627\" target=\"_blank\" title=\"Hotel Costaustralis Location Google Maps\" rel=\"noopener\">Pedro Montt 262, Puerto Natales<\/a><\/td>\n<\/tr>\n<tr>\n<td class=\"primeroColumnz\">Ser\u00e1 confirmada<\/td>\n<td class=\"tableCatz\">10:00 &#8211; 22:00<\/td>\n<td class=\"tableCatz\">Hotel Costaustralis<br \/><a class=\"hotelLinkz\" href=\"https:\/\/maps.app.goo.gl\/iHoswRGG72EKjU627\" target=\"_blank\" title=\"Hotel Costaustralis Location Google Maps\" rel=\"noopener\">Pedro Montt 262, Puerto Natales<\/a><\/td>\n<\/tr>\n<\/tbody>\n<\/table>\n<\/div>\n<div class=\"titleSeperators\">\n<h3 class=\"seperatorTitles\">SALIDA BUSES OFICIALES<\/h3>\n<\/div>\n<p class=\"fontz\">Todos los buses saldr\u00e1n desde la Plaza de Armas de Puerto Natales (calle Hermann Eberhard, frente a la iglesia).<\/p>\n<div class=\"scrollTable\">\n<table class=\"aligncenter tableStylingz\">\n<tbody>\n<tr>\n<td class=\"primeroRowz\">Distancia<\/td>\n<td class=\"primeroRowz\">Fecha<\/td>\n<td class=\"primeroRowz\">Hora<\/td>\n<td class=\"primeroRowz\">Ubicaci\u00f3n<\/td>\n<\/tr>\n<tr>\n<td class=\"primeroColumnz\" id=\"segundocatz\">55K<\/td>\n<td class=\"tableCatz\">Ser\u00e1 confirmada<\/td>\n<td class=\"tableCatz\">04:00 h<\/td>\n<td class=\"tableCatz\">Plaza de Armas, Puerto Natales<\/td>\n<\/tr>\n<tr>\n<td class=\"primeroColumnz\">42K<\/td>\n<td class=\"tableCatz\">Ser\u00e1 confirmada<\/td>\n<td class=\"tableCatz\">04:00 h<\/td>\n<td class=\"tableCatz\">Plaza de Armas, Puerto Natales<\/td>\n<\/tr>\n<tr>\n<td class=\"primeroColumnz\">30K<\/td>\n<td class=\"tableCatz\">Ser\u00e1 confirmada<\/td>\n<td class=\"tableCatz\">08:00 h<\/td>\n<td class=\"tableCatz\">Plaza de Armas, Puerto Natales<\/td>\n<\/tr>\n<tr>\n<td class=\"primeroColumnz\">16K<\/td>\n<td class=\"tableCatz\">Ser\u00e1 confirmada<\/td>\n<td class=\"tableCatz\">08:00 h<\/td>\n<td class=\"tableCatz\">Plaza de Armas, Puerto Natales<\/td>\n<\/tr>\n<\/tbody>\n<\/table>\n<\/div>\n<div class=\"titleSeperators\">\n<h3 class=\"seperatorTitles\">PARTIDAS<\/h3>\n<\/div>\n<p class=\"fontz\">De acuerdo a las distancia de carrera, los horarios de partida son los siguientes<span style=\"text-shadow: 0px 0px 1px #f6c214;color: #3b2314;\">*<\/span>:<\/p>\n<div class=\"scrollTable\">\n<table class=\"aligncenter tableStylingz\">\n<tbody>\n<tr>\n<td class=\"primeroRowz\">Distancia<\/td>\n<td class=\"primeroRowz\">Fecha<\/td>\n<td class=\"primeroRowz\">Hora<\/td>\n<td class=\"primeroRowz\">Ubicaci\u00f3n<\/td>\n<\/tr>\n<tr>\n<td class=\"primeroColumnz\">55K<\/td>\n<td class=\"tableCatz\">Ser\u00e1 confirmada<\/td>\n<td class=\"tableCatz\">06:00 h<\/td>\n<td class=\"tableCatz\">Campamento Base R\u00edo Serrano<\/td>\n<\/tr>\n<tr>\n<td class=\"primeroColumnz\">42K<\/td>\n<td class=\"tableCatz\">Ser\u00e1 confirmada<\/td>\n<td class=\"tableCatz\">06:00 h<\/td>\n<td class=\"tableCatz\">Campamento Base R\u00edo Serrano<\/td>\n<\/tr>\n<tr>\n<td class=\"primeroColumnz\">30K<\/td>\n<td class=\"tableCatz\">Ser\u00e1 confirmada<\/td>\n<td class=\"tableCatz\">10:00 h<\/td>\n<td class=\"tableCatz\">Campamento Base R\u00edo Serrano<\/td>\n<\/tr>\n<tr>\n<td class=\"primeroColumnz\">16K<\/td>\n<td class=\"tableCatz\">Ser\u00e1 confirmada<\/td>\n<td class=\"tableCatz\">10:00 h<\/td>\n<td class=\"tableCatz\">Campamento Base R\u00edo Serrano<\/td>\n<\/tr>\n<tr>\n<td colspan=\"4\" class=\"terceroColumnz noteInclude\">*Los horarios y las ubicaciones de las partidas podr\u00edan ser modificados.<\/td>\n<\/tr>\n<\/tbody>\n<\/table>\n<\/div>\n<p class=\"fontz\" style=\"text-align:center;padding-bottom:20px;margin-top:-10px;\"><span style=\"font-weight:bold;text-decoration:underline;\">NOTA<\/span>: Todos los eventos previos a la carrera, que incluyen entrega de kit y la salida de bus hasta las partidas, se ubican en Puerto Natales. Es responsabilidad personal de cada corredor estar en los puntos de partida una hora antes del inicio de su prueba, sea utilizando medios propios, transporte privado o los buses oficiales del evento.<\/p>\n<p><\/p>","protected":false},"excerpt":{"rendered":"<p>En esta secci\u00f3n encontrar\u00e1s todo el cronograma oficial del evento. Es tu responsabilidad estar atento a este calendario y a sus posibles modificaciones. Inscripciones Para iniciar tu proceso de postulaci\u00f3n debes ingresar directamente a la Secci\u00f3n de Inscripciones. Charla Tecnica Virtual En los di\u0301as previos a ULTRA FIORD\u00ae se desarrollara\u0301 una serie de charlas te\u0301cnicas [&hellip;]<\/p>\n","protected":false},"author":1,"featured_media":0,"parent":0,"menu_order":0,"comment_status":"closed","ping_status":"closed","template":"","meta":[],"_links":{"self":[{"href":"https:\/\/www.ultrafiord.com\/es\/wp-json\/wp\/v2\/pages\/451"}],"collection":[{"href":"https:\/\/www.ultrafiord.com\/es\/wp-json\/wp\/v2\/pages"}],"about":[{"href":"https:\/\/www.ultrafiord.com\/es\/wp-json\/wp\/v2\/types\/page"}],"author":[{"embeddable":true,"href":"https:\/\/www.ultrafiord.com\/es\/wp-json\/wp\/v2\/users\/1"}],"replies":[{"embeddable":true,"href":"https:\/\/www.ultrafiord.com\/es\/wp-json\/wp\/v2\/comments?post=451"}],"version-history":[{"count":30,"href":"https:\/\/www.ultrafiord.com\/es\/wp-json\/wp\/v2\/pages\/451\/revisions"}],"predecessor-version":[{"id":933,"href":"https:\/\/www.ultrafiord.com\/es\/wp-json\/wp\/v2\/pages\/451\/revisions\/933"}],"wp:attachment":[{"href":"https:\/\/www.ultrafiord.com\/es\/wp-json\/wp\/v2\/media?parent=451"}],"curies":[{"name":"wp","href":"https:\/\/api.w.org\/{rel}","templated":true}]}}