{"id":431,"date":"2023-11-28T15:43:09","date_gmt":"2023-11-28T15:43:09","guid":{"rendered":"https:\/\/www.blue.endurancepatagonia.com\/?page_id=431"},"modified":"2025-03-14T17:08:57","modified_gmt":"2025-03-14T17:08:57","slug":"how-to-arrive","status":"publish","type":"page","link":"https:\/\/www.ultrafiord.com\/es\/how-to-arrive","title":{"rendered":"C\u00f3mo Llegar"},"content":{"rendered":"<p><\/p>\n<style>\n#bannerPage {\nbackground-image: url('https:\/\/cdn.racingpatagonia.com\/ufiord\/images\/slideshow25_sp_DSC00860.jpg') !important;\nbackground-position: 0em 0em;\n}\n.entry table td {\nvertical-align: middle !important; \nborder: 1px solid #fff !important;\n}\ntable {\nborder-collapse: initial;\n}\n.ufTrademark {\nposition: relative;\ntop: 4px;\n}\n.titleFontzContainer {\nmargin: 30px 0px 0px 0px;\n}\n.tableStylingz {\ndisplay: table;\ntext-shadow: none;\nmargin: 0 auto !important;\n}\n.noteInclude {\nfont-size:12px;\nbackground-color:#c2cdd9;\ncolor:#0b2847;\ntext-shadow: none;\n}\n.distanceHeader {\nfont-size: 1.8em;\n}\n.primeroColumnz, .segundoColumnz, .terceroColumnz {\ntext-transform: initial;\n}\n#categoriesFotoContainer {\ndisplay: flex;\nflex-direction: row;\nflex-wrap: wrap;\nmargin: 0 auto;\njustify-content: center;\nwidth: 100%;\nmax-width: 900px;\npadding-left: 4px;\n}\n.categoriesFotos {\npadding: 7px 18px 7px 18px\n}\n.categoriesFotos:hover {\n-webkit-filter: grayscale(100%); \/* Safari 6.0 - 9.0 *\/\nfilter: grayscale(100%);\ncursor: pointer;\n}\n#categoryContainer {\nmargin: 20px 50px;\n}\n.seperatorTitles {\ncolor: var(--color-white) !important;\n}\n.titleSeperatorsReverse {\nbackground-color: var(--color-aquatext);\nline-height: 15px;\n}\n.seperatorTitlesReverse {\ncolor: #0b2847 !important;\ntext-shadow: 1px 0px 1px #fff, 1px 0px 1px #fff;\n}\n#fullSplit {\ndisplay: flex;\nwidth: 100%;\nflex-flow: row;\nmax-width: 1200px;\nmargin: 0 auto;\npadding: 50px 0px;\n}\n#splitLeftz {\nwidth: 60%;\nmargin-top: 30px;\n}\n#splitRightz {\n    width: 40%;\n    margin: 30px 0px 0px 0px;\n}\n#reduceImg {\nwidth: 60%;\nmargin: 0 auto;\ntext-align: center;\ndisplay: block;\n}\n#reduceImg:hover {\nfilter: sepia(1);\n}\n.fontz {\nmargin: 20px;\n}\n@media screen and (max-width: 736px) {\n#fullSplit {\nflex-flow: column;\n}\n#splitLeftz {\nwidth: 100%;\n}\n#splitRightz {\nwidth: 100%;\nmargin: 0 auto;\n}\n#reduceImg {\nwidth: 30%;\npadding-top: 50px;\n}\n#bannerPage {\nbackground-position: center;\n}\n}\n@media screen and (max-width: 480px) { \n#fullSplit {\nflex-flow: column;\n}\n#splitLeftz {\nwidth: 100%;\n}\n#splitRightz {\nwidth: 100%;\nmargin: 0 auto;\n}\n#reduceImg {\nwidth: 30%;\npadding-top: 50px;\n}\n.fontz {\ntext-align: left;\n}\n}\n@media screen and (max-width: 480px) and (orientation: portrait) {\n#fullSplit {\nflex-flow: column;\n}\n#splitLeftz {\nwidth: 100%;\n}\n#splitRightz {\nwidth: 100%;\nmargin: 0 auto;\n}\n#reduceImg {\nwidth: 30%;\npadding-top: 50px;\n}\n#bannerPage {\nbackground-position: center;\n}\n<\/style>\n<div id=\"fullSplit\">\n<div id=\"splitLeftz\">\n<div class=\"titleSeperators\">\n<h3 class=\"seperatorTitles\">Llegada desde tu Pa\u00eds de Origen a la Zona de Carrera<\/h3>\n<\/div>\n<p class=\"fontz\"><strong>Ultra Fiord<sup class=\"ufTrademark\">\u00ae<\/sup><\/strong> se desarrolla en el coraz\u00f3n de la Patagonia Sur de Chile, en la Comuna Torres del Paine, Regi\u00f3n de Magallanes y Ant\u00e1rtica Chilena. <u>La ciudad m\u00e1s pr\u00f3xima, y base del evento, es Puerto Natales<\/u>.<\/p>\n<div class=\"titleSeperatorsReverse\">\n<h4 class=\"seperatorTitles seperatorTitlesReverse\">Arribo Internacional a Santiago<\/h4>\n<\/div>\n<p class=\"fontz\"><u>Desde cualquier lugar del mundo<\/u> se puede entrar a Chile v\u00eda Santiago, Aeropuerto Internacional Comodoro Arturo Merino Ben\u00edtez (SCL).<\/p>\n<div class=\"titleSeperatorsReverse\">\n<h4 class=\"seperatorTitles seperatorTitlesReverse\">Desde Santiago, Chile (SCL)<\/h4>\n<\/div>\n<p class=\"fontz\"><u>Desde Santiago de Chile (SCL)<\/u>, seg\u00fan la temporada, se puede volar directamente hacia Puerto Natales, aeropuerto Teniente Julio Gallardo (PNT), pero se debe confirmar que las aerol\u00edneas est\u00e9n volando a esta ciudad en el mes de febrero. La otra opci\u00f3n es volar a Punta Arenas, que es la capital regional, destino con una alta frecuencia de vuelos a trav\u00e9s del Aeropuerto Internacional Presidente Carlos Ib\u00e1\u00f1ez del Campo (PUQ).<\/p>\n<div class=\"titleSeperatorsReverse\">\n<h4 class=\"seperatorTitles seperatorTitlesReverse\">Desde Punta Arenas a Puerto Natales<\/h4>\n<\/div>\n<p class=\"fontz\"><u>Desde Punta Arenas a Puerto Natales<\/u> son 250 km por una carretera pavimentada. En bus regular este viaje toma unas tres horas y hay salidas todos los d\u00edas entre las 7:00h y 21:00h. Seg\u00fan los horarios de arribo al aeropuerto, tambi\u00e9n es posible coordinar para tomar el bus desde ah\u00ed.<\/p>\n<div class=\"titleSeperatorsReverse\">\n<h4 class=\"seperatorTitles seperatorTitlesReverse\">Desde Puerto Natales a las Partidas<\/h4>\n<\/div>\n<p class=\"fontz\"><u>Desde Puerto Natales a las Partidas<\/u> se tiene la opci\u00f3n de buses oficiales que van directo hacia esos puntos y luego retornan desde Meta a la misma ciudad. Se puede hacer la reserva del bus al momento de inscribirse y tambi\u00e9n es posible agregar a uno o m\u00e1s acompa\u00f1antes. <\/p>\n<\/div>\n<div id=\"splitRightz\">\n<a href=\"https:\/\/www.ultrafiord.com\/assets\/maps\/UltraFiord_Chile_MapaGeneral.jpg\" target=\"_blank\" rel=\"noopener noreferrer\" title=\"General Map Chile - Ultra Fiord\"><img decoding=\"async\" id=\"reduceImg\" src=\"https:\/\/www.ultrafiord.com\/assets\/maps\/UltraFiord_Chile_MapaGeneral.png\" alt=\"Ultra Fiord General Map Chile 2024 Patagonia, Chile\" \/><\/a>\n<\/div>\n<\/div>\n<p><\/p>","protected":false},"excerpt":{"rendered":"<p>Llegada desde tu Pa\u00eds de Origen a la Zona de Carrera Ultra Fiord\u00ae se desarrolla en el coraz\u00f3n de la Patagonia Sur de Chile, en la Comuna Torres del Paine, Regi\u00f3n de Magallanes y Ant\u00e1rtica Chilena. La ciudad m\u00e1s pr\u00f3xima, y base del evento, es Puerto Natales. Arribo Internacional a Santiago Desde cualquier lugar del [&hellip;]<\/p>\n","protected":false},"author":1,"featured_media":0,"parent":0,"menu_order":0,"comment_status":"closed","ping_status":"closed","template":"","meta":[],"_links":{"self":[{"href":"https:\/\/www.ultrafiord.com\/es\/wp-json\/wp\/v2\/pages\/431"}],"collection":[{"href":"https:\/\/www.ultrafiord.com\/es\/wp-json\/wp\/v2\/pages"}],"about":[{"href":"https:\/\/www.ultrafiord.com\/es\/wp-json\/wp\/v2\/types\/page"}],"author":[{"embeddable":true,"href":"https:\/\/www.ultrafiord.com\/es\/wp-json\/wp\/v2\/users\/1"}],"replies":[{"embeddable":true,"href":"https:\/\/www.ultrafiord.com\/es\/wp-json\/wp\/v2\/comments?post=431"}],"version-history":[{"count":19,"href":"https:\/\/www.ultrafiord.com\/es\/wp-json\/wp\/v2\/pages\/431\/revisions"}],"predecessor-version":[{"id":934,"href":"https:\/\/www.ultrafiord.com\/es\/wp-json\/wp\/v2\/pages\/431\/revisions\/934"}],"wp:attachment":[{"href":"https:\/\/www.ultrafiord.com\/es\/wp-json\/wp\/v2\/media?parent=431"}],"curies":[{"name":"wp","href":"https:\/\/api.w.org\/{rel}","templated":true}]}}