{"id":388,"date":"2023-11-27T14:56:39","date_gmt":"2023-11-27T14:56:39","guid":{"rendered":"https:\/\/www.blue.endurancepatagonia.com\/?page_id=388"},"modified":"2025-03-14T16:47:12","modified_gmt":"2025-03-14T16:47:12","slug":"map-elevation-profile","status":"publish","type":"page","link":"https:\/\/www.ultrafiord.com\/es\/map-elevation-profile","title":{"rendered":"Mapa y Perfil de Elevaci\u00f3n"},"content":{"rendered":"<p><\/p>\n<style>\n#bannerPage {\nbackground-image: url('https:\/\/cdn.racingpatagonia.com\/ufiord\/images\/slideshow2_utf2202paaiDSC5205.jpg') !important;\nbackground-position: 0em 0em;\n}\nsup {\nposition: relative;\ntop: 4px;\n}\ntd {\nborder: 1px solid #000;\n}\n.registered {\nfont-size: 9px;\nposition: relative;\ntop: -2px;\n}\n#logoTitleContainer {\nwidth: 100%;\nmargin: 0 auto;\ndisplay: flex;\nflex-flow: column;\nflex-shrink: inherit;\njustify-content: center;\n}\n.titleSeperators {\nbackground-color: #0b2847;\nline-height: 15px;\n}\n.titleSeperatorsReverse {\nbackground-color: var(--color-aquatext);\nline-height: 15px;\n}\n.seperatorTitles {\nfont-family: 'PressStyleExtra';\nfont-weight: 100;\ntext-rendering: geometricPrecision;\n-webkit-font-smoothing: antialiased;\n-moz-osx-font-smoothing: grayscale !important;\ncolor: #fff;\ntext-shadow: 2px 2px 1px #000, 1px 1px 1px #0b2847;\ntext-align:center;\npadding: 5px 2px 3px 2px;\nletter-spacing: 3px;\nmargin: 0 auto;\ntext-transform: uppercase;\n}\n.seperatorTitlesReverse {\ncolor: #0b2847;\ntext-shadow: 1px 0px 1px #fff, 1px 0px 1px #fff;\n}\n.squeezed {\nmargin: 0em 2.5em;\n}\n#ufRunner {\nposition: relative;\ntop: 129px;\nleft: -20px;\n}\n#ufTitlez {\nfont-size:75px;\npadding-bottom:5px;\ncolor: #1A66B1;\ntext-align: center;\nfont-weight: normal;\nfont-family: 'Plane_Crash';\ntext-rendering: geometricPrecision;\ntext-shadow: 1px 1px 1px #d3e6f8;\nmargin-top: 50px;\n-webkit-font-smoothing: antialiased;\n-moz-osx-font-smoothing: grayscale !important;\nline-height: 100% !important;\n}\n#ultra {\nfont-size: 40px;\nposition: relative;\nleft: 94px;\nletter-spacing: 2px;\n}\n#fiord {\nfont-size: 80px;\nletter-spacing: 5px;\nposition: relative;\nleft: 43px;\ntop: -16px;\n}\n#trademark {\nfont-family: PressStyleExtra !important;\nposition: relative;\ntop: -55px;\nfont-size: 30px;\nleft: 35px;\n}\n.epicJourneyFontz {\ntext-shadow: 3px 3px 10px #d3e6f8;\nfont-family: 'PressStyleExtra';\nfont-weight: normal;\n-webkit-font-smoothing: antialiased;\n-moz-osx-font-smoothing: grayscale !important;\nfont-size: 2.5em;\nletter-spacing: 2px;\nline-height: 100%;\ncolor: #1A66B1;\n}\n.epicJourneyz {\nmargin: 0 auto;\ntext-align: center;\nwidth: 100%;\n}\n#primaryTitlez {\nposition: absolute;\ntext-align: center;\nwidth: 100%;\nmargin-top: -210px;\nmargin-left: -25px;\n}\n#mapzContainer {\nwidth:100%;\ntext-align: center;\n}\n.mapTextz {\nbackground-image: url(https:\/\/www.ultrafiord.com\/assets\/bluegrungedarker.jpg);\nbackground-size: cover;\nbackground-position: center;\nwidth: 904px;\nmargin: 0 auto;\nposition: relative;\ntop: -38px;\npadding: 10px 0px;\nletter-spacing: 1px;\nborder-left: 2px solid #0c5086;\nborder-bottom: 2px solid #0c5086;\nborder-right: 2px solid #0c5086;\n}\n.mapFontz {\npadding: 10px;\nmargin: 0 auto;\nfont-size: 14px;\ncolor: #fff;\nfont-family: 'Futura';\ntext-rendering: geometricPrecision;\nfont-weight: normal;\n-webkit-font-smoothing: antialiased;\n-moz-osx-font-smoothing: grayscale !important;\n}\n#mapImagez {\nborder: 2px solid #0c5086;\n}\n#shiftMarginOne {\nmargin-top: 195px;\n}\n.raceDetails {\nwidth: 100%;\nmargin: 20px 0px;\ntext-align: center;\n}\n.squeezeMapsOne {\nwidth: 50%;\nmargin: 0 auto;\n}\n.squeezeMaps {\nwidth: 75%;\nmargin: 0 auto;\n}\n.imageResize {\n    width: 100%;\n    text-align: center;\n    margin: 0 auto;\n    max-width: 100%;\n    height: auto;\n}\n.ufTrademark {\nposition: relative;\ntop: 4px;\n}\n.tableFiord {\nbackground-color: #c2cdd9;\ncolor: #0b2847;\ntext-shadow: 1px 1px 1px #fff;\nletter-spacing: 1px;\nfont-family: 'PressStyleExtra';\nfont-weight: normal;\n-webkit-font-smoothing: antialiased;\n-moz-osx-font-smoothing: grayscale !important;\ntext-rendering: geometricPrecision;\nfont-size: 2.5em;\nvertical-align: middle;\npadding: 7px !important;\nline-height: 100%;\n}\n.tableStylingz {\ndisplay: table;\ntext-shadow: none;\nmargin: 0 auto !important;\noverflow: auto;\n}\n.noteInclude {\nfont-size:12px;\nbackground-color:#c2cdd9;\ncolor:#0b2847;\ntext-shadow: none;\n}\n.primeroColumnz, .segundoColumnz {\ntext-transform: initial;\nfont-size: 15px;\n}\n.terceroColumnz {\ntext-transform: initial;\n}\n.distanceHeader {\nfont-size: 1.5em;\n}\n#scrollTable {\nwidth:100%;\nheight:100%;\nmargin-bottom: 20px;\n}\n@media (max-width: 960px) {\n.scrollTable {\noverflow: scroll;\n}\n#mapImagez {\nwidth: 100%;\n}\n.mapTextz {\nwidth: 100%;\n}\n}\n@media (max-width: 510px) {\n.scrollTable {\noverflow: scroll;\n}\n#mapImagez {\nwidth: 100%;\n}\n.mapTextz {\nwidth: 100%;\n}\n}\n@media screen and (max-width: 736px) {\n.scrollTable {\noverflow: scroll;\n}\n#mapImagez {\nwidth: 100%;\n}\n.mapTextz {\nwidth: 100%;\n}\n#bannerPage {\nmargin-top: 150px;\nbackground-position: right;\n}\n}\n@media screen and (max-width: 480px) {\n.scrollTable {\noverflow: scroll;\n}\n#mapImagez {\nwidth: 100%;\n}\n.mapTextz {\nwidth: 100%;\n}\n@media screen and (max-width: 480px) and (orientation: portrait) {\n.scrollTable {\noverflow: scroll;\n}\n#mapImagez {\nwidth: 100%;\n}\n.mapTextz {\nwidth: 100%;\n}\n#bannerPage {\nmargin-top: 150px;\nbackground-position: right;\n}\n}\n<\/style>\n<div class=\"squeezed\">\n<p class=\"fontz\">Las rutas para esta edici\u00f3n de Ultra Fiord<sup class=\"ufTrademark\">\u00ae<\/sup> se ubican en la misma \u00e1rea geogr\u00e1fica de los a\u00f1os anteriores, pero en todas las distancias de carrera tendremos algunas secciones nuevas. En este nuevo modelo se podr\u00e1 optar entre 55K, 42K, 30K y 16K. En todos los casos se necesita experiencia previa y pasar por un proceso de selecci\u00f3n, adem\u00e1s de cumplir con el equipamiento m\u00ednimo y otros requisitos.<\/p>\n<p class=\"fontz\">En los perfiles preliminares se pueden visualizar algunas diferencias fundamentales entre las cuatro opciones de carrera. Al momento de escoger, es importante tener en consideraci\u00f3n que, en las rutas de Ultra Fiord<sup class=\"ufTrademark\">\u00ae<\/sup>, el grado de dificultad depende de las distancias y de los desniveles, pero tambi\u00e9n del tipo de terreno, que aqu\u00ed te exigir\u00e1 mayor esfuerzo f\u00edsico y mayor concentraci\u00f3n. Adem\u00e1s, las condiciones meteorol\u00f3gicas del d\u00eda de carrera, constituyen un factor impredecible, que podr\u00eda aumentar a\u00fan m\u00e1s el grado de dificultad que estabas imaginando.<\/p>\n<\/div>\n<p><\/p>\n<div class=\"titleSeperators\">\n<h2 class=\"seperatorTitles\">DETALLES DE LA RUTA<\/h2>\n<\/div>\n<p><\/p>\n<div id=\"scrollTable\">\n<table class=\"aligncenter tableStylingz\">\n<tbody>\n<tr>\n<td rowspan=\"2\" class=\"tableFiord\">ULTRA FIORD<sup style=\"font-size: 10px;position: relative;top: 4px;\">\u00ae<\/sup><br \/> 2024<\/td>\n<td class=\"primeroColumnz distanceHeader\" rowspan=\"2\">16K<\/td>\n<td class=\"primeroColumnz distanceHeader\" rowspan=\"2\">30K<\/td>\n<td class=\"primeroColumnz distanceHeader\" rowspan=\"2\">42K<\/td>\n<td class=\"segundoColumnz distanceHeader\" rowspan=\"2\">55K<\/td>\n<\/tr>\n<tr><\/tr>\n<tr>\n<td class=\"terceroColumnz\">Dificultad<\/td>\n<td class=\"primeroColumnz\">Alta<\/td>\n<td class=\"primeroColumnz\">Alta<\/td>\n<td class=\"primeroColumnz\">Alta<\/td>\n<td class=\"segundoColumnz\">Muy Alta<\/td>\n<\/tr>\n<tr>\n<td class=\"terceroColumnz\">Distancia en kilo\u0301metros<\/td>\n<td class=\"primeroColumnz\">16.3<\/td>\n<td class=\"primeroColumnz\">29.3<\/td>\n<td class=\"primeroColumnz\">43.5<\/td>\n<td class=\"segundoColumnz\">55.7<\/td>\n<\/tr>\n<tr>\n<td class=\"terceroColumnz\">Desnivel+<\/td>\n<td class=\"primeroColumnz\">950<strong class=\"smallmz\">m<\/strong><\/td>\n<td class=\"primeroColumnz\">1.750<strong class=\"smallmz\">m<\/strong><\/td>\n<td class=\"primeroColumnz\">2.700<strong class=\"smallmz\">m<\/strong><\/td>\n<td class=\"segundoColumnz\">3.600<strong class=\"smallmz\">m<\/strong><\/td>\n<\/tr>\n<tr>\n<td class=\"terceroColumnz\">Altitud ma\u0301xima<\/td>\n<td class=\"primeroColumnz\">710 msnm<\/td>\n<td class=\"primeroColumnz\">845 msnm<\/td>\n<td class=\"primeroColumnz\">1.110 msnm<\/td>\n<td class=\"segundoColumnz\">1.180 msnm<\/td>\n<\/tr>\n<tr>\n<td class=\"terceroColumnz\">Tiempo ma\u0301ximo<\/td>\n<td class=\"primeroColumnz\">10 h<\/td>\n<td class=\"primeroColumnz\">10 h<\/td>\n<td class=\"primeroColumnz\">12 h<\/td>\n<td class=\"segundoColumnz\">15 h<\/td>\n<\/tr>\n<tr>\n<td class=\"terceroColumnz\">Lugar de partida<\/td>\n<td class=\"primeroColumnz\">Campamento Base<br \/>R\u00edo Serrano<\/td>\n<td class=\"primeroColumnz\">Campamento Base<br \/>R\u00edo Serrano<\/td>\n<td class=\"primeroColumnz\">Campamento Base<br \/>R\u00edo Serrano<\/td>\n<td class=\"segundoColumnz\">Campamento Base<br \/>R\u00edo Serrano<\/td>\n<\/tr>\n<tr>\n<td class=\"terceroColumnz\">Hora de partida<\/td>\n<td class=\"primeroColumnz\">10:00<\/td>\n<td class=\"primeroColumnz\">10:00<\/td>\n<td class=\"primeroColumnz\">06:00<\/td>\n<td class=\"segundoColumnz\">06:00<\/td>\n<\/tr>\n<tr>\n<td class=\"terceroColumnz\">Lugar de meta<\/td>\n<td class=\"primeroColumnz\">Campamento Base<br \/>R\u00edo Serrano<\/td>\n<td class=\"primeroColumnz\">Campamento Base<br \/>R\u00edo Serrano<\/td>\n<td class=\"primeroColumnz\">Campamento Base<br \/>R\u00edo Serrano<\/td>\n<td class=\"segundoColumnz\">Campamento Base<br \/>R\u00edo Serrano<\/td>\n<\/tr>\n<tr>\n<td class=\"terceroColumnz\">Horario de corte<\/td>\n<td class=\"primeroColumnz\">20:00<\/td>\n<td class=\"primeroColumnz\">20:00<\/td>\n<td class=\"primeroColumnz\">18:00<\/td>\n<td class=\"segundoColumnz\">21:00<\/td>\n<\/tr>\n<tr>\n<td class=\"terceroColumnz\">Cierre de meta<\/td>\n<td class=\"primeroColumnz\">21:30<\/td>\n<td class=\"primeroColumnz\">21:30<\/td>\n<td class=\"primeroColumnz\">21:30<\/td>\n<td class=\"segundoColumnz\">21:30<\/td>\n<\/tr>\n<tr>\n<td class=\"terceroColumnz\">Puntos de asistencia (PAS)*<\/td>\n<td class=\"primeroColumnz\">4<\/td>\n<td class=\"primeroColumnz\">5<\/td>\n<td class=\"primeroColumnz\">7<\/td>\n<td class=\"segundoColumnz\">9<\/td>\n<\/tr>\n<tr>\n<td class=\"terceroColumnz\">Puntos de autorregistro (PAR)<\/td>\n<td class=\"primeroColumnz\">No<\/td>\n<td class=\"primeroColumnz\">No<\/td>\n<td class=\"primeroColumnz\">No<\/td>\n<td class=\"segundoColumnz\">S\u00ed (3)<\/td>\n<\/tr>\n<tr>\n<td class=\"terceroColumnz\">Bolso de corredor (custodia)<\/td>\n<td class=\"primeroColumnz\">Partida \/ Meta<\/td>\n<td class=\"primeroColumnz\">Partida \/ Meta<\/td>\n<td class=\"primeroColumnz\">Partida \/ Meta<\/td>\n<td class=\"segundoColumnz\">Partida \/ Meta<\/td>\n<\/tr>\n<tr>\n<td class=\"terceroColumnz\">Equipamiento obligatorio<\/td>\n<td class=\"primeroColumnz\">S\u00ed<\/td>\n<td class=\"primeroColumnz\">S\u00ed<\/td>\n<td class=\"primeroColumnz\">S\u00ed<\/td>\n<td class=\"segundoColumnz\">S\u00ed<\/td>\n<\/tr>\n<tr>\n<td class=\"terceroColumnz\">Charla te\u0301cnica virtual<\/td>\n<td class=\"primeroColumnz\">Recomendada<\/td>\n<td class=\"primeroColumnz\">Recomendada<\/td>\n<td class=\"primeroColumnz\">Recomendada<\/td>\n<td class=\"segundoColumnz\">Recomendada<\/td>\n<\/tr>\n<tr>\n<td class=\"terceroColumnz noteInclude\" colspan=\"7\"><strong>*<\/strong> En los Puntos de Asistencia se incluyen la partida y la meta.<\/td>\n<\/tr>\n<tr>\n<td class=\"terceroColumnz noteInclude\" colspan=\"7\"><strong>NOTA<\/strong>: El contenido de esta tabla corresponde a informaci\u00f3n preliminar. Podr\u00eda ser modificada en los pr\u00f3ximos meses.<\/td>\n<\/tr>\n<\/tbody>\n<\/table>\n<\/div>\n<p><\/p>\n<div class=\"titleSeperators\">\n<h2 class=\"seperatorTitles\">PERFILES DE ELEVACI\u00d3N<\/h2>\n<\/div>\n<p><\/p>\n<div class=\"titleSeperatorsReverse\">\n<h2 class=\"seperatorTitles seperatorTitlesReverse\">16K<\/h2>\n<\/div>\n<div class=\"squeezeMapsOne\">\n<div class=\"raceDetails\">\n<a href=\"https:\/\/www.ultrafiord.com\/assets\/maps\/2024\/Perfil_Ultra_Fiord_2024_16K_Full.jpg\" title=\"Perfil de Elevaci\u00f3n - Ultra Fiord 16K\" target=\"_blank\" rel=\"noopener noreferrer\"><img decoding=\"async\" src=\"https:\/\/www.ultrafiord.com\/assets\/maps\/2024\/Perfil_Ultra_Fiord_2024_16K_900px.png\" at=\"Perfil de Elevaci\u00f3n - Ultra Fiord 16K\" class=\"imageResize\" class=\"imgborderDos\" \/><\/a>\n<\/div>\n<\/div>\n<div class=\"titleSeperatorsReverse\">\n<h2 class=\"seperatorTitles seperatorTitlesReverse\">30K<\/h2>\n<\/div>\n<div class=\"squeezeMapsOne\">\n<div class=\"raceDetails\">\n<a href=\"https:\/\/www.ultrafiord.com\/assets\/maps\/2024\/Perfil_Ultra_Fiord_2024_30K_Full.jpg\" title=\"Perfil de Elevaci\u00f3n - Ultra Fiord 30K\" target=\"_blank\" rel=\"noopener noreferrer\"><img decoding=\"async\" src=\"https:\/\/www.ultrafiord.com\/assets\/maps\/2024\/Perfil_Ultra_Fiord_2024_30K_900px.png\" at=\"Perfil de Elevaci\u00f3n - Ultra Fiord 30K\" class=\"imageResize\" class=\"imgborderDos\" \/><\/a>\n<\/div>\n<\/div>\n<div class=\"titleSeperatorsReverse\">\n<h2 class=\"seperatorTitles seperatorTitlesReverse\">42K<\/h2>\n<\/div>\n<div class=\"squeezeMaps\">\n<div class=\"raceDetails\">\n<a href=\"https:\/\/www.ultrafiord.com\/assets\/maps\/2024\/Perfil_Ultra_Fiord_2024_42K_Full.jpg\" title=\"Perfil de Elevaci\u00f3n - Ultra Fiord 42K\" target=\"_blank\" rel=\"noopener noreferrer\"><img decoding=\"async\" src=\"https:\/\/www.ultrafiord.com\/assets\/maps\/2024\/Perfil_Ultra_Fiord_2024_42K_900px.png\" at=\"Perfil de Elevaci\u00f3n - Ultra Fiord 42K\" class=\"imageResize\" class=\"imgborderDos\" \/><\/a>\n<\/div>\n<\/div>\n<div class=\"titleSeperatorsReverse\">\n<h2 class=\"seperatorTitles seperatorTitlesReverse\">55K<\/h2>\n<\/div>\n<div class=\"squeezeMaps\">\n<div class=\"raceDetails\">\n<a href=\"https:\/\/www.ultrafiord.com\/assets\/maps\/2024\/Perfil_Ultra_Fiord_2024_55K_Full.jpg\" title=\"Perfil de Elevaci\u00f3n - Ultra Fiord 55K\" target=\"_blank\" rel=\"noopener noreferrer\"><img decoding=\"async\" src=\"https:\/\/www.ultrafiord.com\/assets\/maps\/2024\/Perfil_Ultra_Fiord_2024_55K_900px.png\" at=\"Ultra Fiord 2024 Elevation Profiles 55K\" class=\"imageResize\" \/><\/a>\n<\/div>\n<\/div>\n<div class=\"titleSeperators\">\n<h2 class=\"seperatorTitles\">MAPAS<\/h2>\n<\/div>\n<p><\/p>\n<div class=\"squeezeMaps\">\n<a href=\"https:\/\/www.ultrafiord.com\/assets\/maps\/2024\/Mapa_UF_2024_Full.jpg\" target=\"_blank\" title=\"Mapa de Ultra Fiord 2024\" rel=\"noopener noreferrer\"><img decoding=\"async\" src=\"https:\/\/www.ultrafiord.com\/assets\/maps\/2024\/Mapa_UltraFiord_2024_900px.png\" class=\"imageResize\" alt=\"Mapa de Ultra Fiord 2024\" style=\"margin-right:auto;margin-left:auto;width:99.7%;border:4px solid #3161a5;\" class=\"imgborderDos\" \/><\/a>\n<\/div>\n<div class=\"squeezeMapsOne\">\n<a href=\"https:\/\/www.ultrafiord.com\/assets\/maps\/2024\/Mapa_UltraFiord_2024_Esquema.jpg\" target=\"_blank\" title=\"Mapa de Ultra Fiord 2024 Esquema\" rel=\"noopener noreferrer\"><img decoding=\"async\" src=\"https:\/\/www.ultrafiord.com\/assets\/maps\/2024\/Mapa_UltraFiord_2024_Esquema_900px.png\" class=\"imageResize\" alt=\"Mapa de Ultra Fiord 2024 Esquema\" style=\"margin-right:auto;margin-left:auto;width:99.7%;border:4px solid #3161a5;\" class=\"imgborderDos\" \/><\/a>\n<\/div>\n<p><\/p>","protected":false},"excerpt":{"rendered":"<p>Las rutas para esta edici\u00f3n de Ultra Fiord\u00ae se ubican en la misma \u00e1rea geogr\u00e1fica de los a\u00f1os anteriores, pero en todas las distancias de carrera tendremos algunas secciones nuevas. En este nuevo modelo se podr\u00e1 optar entre 55K, 42K, 30K y 16K. En todos los casos se necesita experiencia previa y pasar por un [&hellip;]<\/p>\n","protected":false},"author":1,"featured_media":0,"parent":0,"menu_order":0,"comment_status":"closed","ping_status":"closed","template":"","meta":[],"_links":{"self":[{"href":"https:\/\/www.ultrafiord.com\/es\/wp-json\/wp\/v2\/pages\/388"}],"collection":[{"href":"https:\/\/www.ultrafiord.com\/es\/wp-json\/wp\/v2\/pages"}],"about":[{"href":"https:\/\/www.ultrafiord.com\/es\/wp-json\/wp\/v2\/types\/page"}],"author":[{"embeddable":true,"href":"https:\/\/www.ultrafiord.com\/es\/wp-json\/wp\/v2\/users\/1"}],"replies":[{"embeddable":true,"href":"https:\/\/www.ultrafiord.com\/es\/wp-json\/wp\/v2\/comments?post=388"}],"version-history":[{"count":31,"href":"https:\/\/www.ultrafiord.com\/es\/wp-json\/wp\/v2\/pages\/388\/revisions"}],"predecessor-version":[{"id":928,"href":"https:\/\/www.ultrafiord.com\/es\/wp-json\/wp\/v2\/pages\/388\/revisions\/928"}],"wp:attachment":[{"href":"https:\/\/www.ultrafiord.com\/es\/wp-json\/wp\/v2\/media?parent=388"}],"curies":[{"name":"wp","href":"https:\/\/api.w.org\/{rel}","templated":true}]}}