{"id":353,"date":"2023-11-24T16:44:04","date_gmt":"2023-11-24T16:44:04","guid":{"rendered":"https:\/\/www.blue.endurancepatagonia.com\/?page_id=353"},"modified":"2025-03-14T16:18:32","modified_gmt":"2025-03-14T16:18:32","slug":"description","status":"publish","type":"page","link":"https:\/\/www.ultrafiord.com\/es\/description","title":{"rendered":"Descripci\u00f3n"},"content":{"rendered":"<p><\/p>\n<style>\n#bannerPage {\nbackground-image: url('https:\/\/cdn.racingpatagonia.com\/ufiord\/images\/slideshow5_utf2301waal_DSC9196.jpg') !important;\nbackground-position: 0em 0em;\n}\n#editionTitlez {\ntext-transform: uppercase;\ntext-align: center;\nfont-size: 5em;\ntext-shadow: 0px 0px 2px var(--color-aquatext), 0px 0px 2px var(--color-aquatext), 0px 0px 2px var(--color-aquatext);\nfont-family: 'PressStyleExtra';\n-webkit-font-smoothing: antialiased;\n-moz-osx-font-smoothing: grayscale !important;\nfont-weight: normal;\nmargin: 0 auto;\nletter-spacing: 6px;\ntext-rendering: geometricPrecision;\nmargin-bottom: -20px;\n}\n#fontDropOne {\n-webkit-font-smoothing: antialiased;\n-moz-osx-font-smoothing: grayscale !important;\nfont-weight: normal;\nmargin: 0 auto;\ntext-shadow: 1px 0px 1px #0b2847, 1px 1px 1px #0b2847, 1px 1px 1px #0b2847;\ncolor: var(--color-aquatext);\nfont-family: 'PressStyleExtra';\nfont-size: 2.5em;\nletter-spacing: 2px;\ntext-transform: uppercase;\ntext-align: center;\n}\n#fontDropTwo {\n-webkit-font-smoothing: antialiased;\n-moz-osx-font-smoothing: grayscale !important;\nfont-weight: normal;\nmargin: 0 auto;\ntext-shadow: 1px 0px 0px var(--color-aquatext), 1px 1px 0px var(--color-aquatext), 1px 1px 0px var(--color-aquatext);\ncolor: #0b2847;\nfont-family: 'PressStyleExtra';\nfont-size: 2.5em;\nletter-spacing: 7px;\ntext-transform: uppercase;\ntext-align: center;\ntext-rendering: geometricPrecision;\n}\n.registered {\nfont-size: 15px;\nposition: relative;\ntop: -45px;\ntext-shadow: none !important;\ncolor: #0c5086;\nfont-family:KeepCalm;\nleft: -4px;\n}\n.textDropOne {\nfont-size: 8px;\nposition: relative;\ntop: -3px;\nletter-spacing: 1px;\nmargin: 0px;\nwhite-space: pre-line;\ntext-shadow: 1px 1px 1px #000;\nfont-family: 'KeepCalm';\ntext-transform: uppercase;\nline-height: 150%;\n}\n.entry table td {\nvertical-align: middle !important; \nborder: 1px solid #fff !important;\n}\ntable {\nborder-collapse: initial;\n}\n.ufTrademark {\nposition: relative;\ntop: 4px;\n}\n.titleFontzContainer {\nmargin: 30px 0px 0px 0px;\n}\n.fontz {\nmargin: 0px 20px 10px 20px;\n}\n.tableFiord {\nbackground-color: #c2cdd9;\ncolor: #0b2847;\ntext-shadow: 1px 1px 1px #fff;\nletter-spacing: 1px;\nfont-family: 'PressStyleExtra';\nfont-weight: normal;\n-webkit-font-smoothing: antialiased;\n-moz-osx-font-smoothing: grayscale !important;\ntext-rendering: geometricPrecision;\nfont-size: 2.5em;\nvertical-align: middle;\npadding: 7px !important;\nline-height: 100%;\n}\n.tableStylingz {\ndisplay: table;\ntext-shadow: none;\nmargin: 0 auto !important;\n}\n.noteInclude {\nfont-size:12px;\nbackground-color:#c2cdd9;\ncolor:#0b2847;\ntext-shadow: none;\n}\n.primeroColumnz, .segundoColumnz {\ntext-transform: initial;\nfont-size: 15px;\n}\n.terceroColumnz {\ntext-transform: initial;\n}\n.distanceHeader {\nfont-size: 1.5em;\n}\n.scrollTable {\nwidth:100%;\nheight:100%;\n}\n@media screen and (max-width: 736px) {\n.scrollTable {\noverflow: scroll;\n}\n#bannerPage {\nbackground-position: 29%;\n}\n}\n@media screen and (max-width: 480px) { \n.scrollTable {\noverflow: scroll;\n}\n.fontz {\ntext-align: left;\n}\n}\n@media screen and (max-width: 480px) and (orientation: portrait) {\n.scrollTable {\noverflow: scroll;\n}\n#bannerPage {\nbackground-position: 29%;\n}\n<\/style>\n<div>\n<div style=\"margin:50px 0px;\">\n<h2 id=\"editionTitlez\">ultra fiord<span class=\"registered\">\u00ae<\/span><\/h2>\n<h3 id=\"fontDropOne\">16K <sup style=\"position:relative;top:14px;\">&#8210;<\/sup> 30K <sup style=\"position:relative;top:14px;\">&#8210;<\/sup> 42K <sup style=\"position:relative;top:14px;\">&#8210;<\/sup> 55K<\/h3>\n<h4 id=\"fontDropTwo\">PR\u00d3XIMA EDICI\u00d3N <sup style=\"position:relative;top:14px;\">&#8210;<\/sup> SER\u00c1 ANUNCIADA CUANDO EST\u00c9 CONFIRMADA<\/h4>\n<\/div>\n<p class=\"fontz\">La pr\u00f3xima edici\u00f3n de Ultra Fiord<sup style=\"font-size:8px;\">\u00ae<\/sup> ser\u00e1 anunicada cuando est\u00e9 confirmada. Por tercera vez volveremos a correr en medio del verano patag\u00f3nico. En relaci\u00f3n a las primeras ediciones, que se realizaron en el mes de Abril (oto\u00f1o en Patagonia), esperamos temperaturas m\u00e1s altas, menores probabilidades de precipitaciones, quiz\u00e1s algo m\u00e1s de viento y d\u00edas con m\u00e1s horas de luz solar. A\u00fan as\u00ed, tendremos que estar preparados para todo. <\/p>\n<p class=\"fontz\">Las rutas de carrera se emplazan en la misma zona salvaje que, desde la primera edici\u00f3n, ha marcado el car\u00e1cter de Ultra Fiord<sup style=\"font-size:8px;\">\u00ae<\/sup>. Algunos segmentos se mantienen, pero el nuevo modelo que pusimos en marcha en 2022 incluye el paso por otras \u00e1reas que nos han permitido acceder a miradores con panor\u00e1micas asombrosas. Las distancias de carrera para esta nueva edici\u00f3n de verano ser\u00e1n: 55K, 42K, 30K y 16K. <u>En todos los casos se requiere experiencia en carreras de monta\u00f1a.<\/u><\/p>\n<p class=\"fontz\">PUERTO NATALES es la <strong>ciudad base<\/strong> de Ultra Fiord<sup style=\"font-size:8px;\">\u00ae<\/sup>. En los d\u00edas previos a la carrera aqu\u00ed se realiza la entrega de kits y funciona el centro de informaciones del evento. Adem\u00e1s, los buses oficiales hacia las partidas salen desde esta ciudad y luego retornan desde meta.<\/p>\n<p class=\"fontz\">Antes de inscribirte en Ultra Fiord<sup style=\"font-size:8px;\">\u00ae<\/sup> es tu responsabilidad revisar el reglamento general, as\u00ed como el mapa y perfil de carrera. Tambi\u00e9n te invitamos a explorar las galer\u00edas de fotograf\u00edas de a\u00f1os anteriores, as\u00ed podr\u00e1s tener una mejor idea al momento de escoger la distancia de carrera, de seleccionar la vestimenta y planificar tu viaje.<\/p>\n<div class=\"titleFontzContainer marginBottomz\">\n<h2 class=\"titleFontz\">UBICACI\u00d3N<\/h2>\n<\/div>\n<p class=\"fontz\">El evento se llevar\u00e1 a cabo en la Provincia de \u00daltima Esperanza, Regi\u00f3n de Magallanes y Ant\u00e1rtica Chilena. La capital de la regi\u00f3n es Punta Arenas; Sin embargo, la ciudad y el centro log\u00edstico m\u00e1s cercano a la competencia es Puerto Natales (Lat. 51\u00ba 44\u2019S), que se ubica a 250km de Punta Arenas.<\/p>\n<div class=\"titleFontzContainer marginBottomz\">\n<h2 class=\"titleFontz\">METEOROLOG\u00cdA<\/h2>\n<\/div>\n<p class=\"fontz\">Para Ultra Fiord<sup style=\"font-size:8px;\">\u00ae<\/sup>, las condiciones meteorol\u00f3gicas marcan dr\u00e1sticamente el nivel de dificultad durante el d\u00eda de carrera. En la Patagonia Sur de Chile, las diferencias entre un d\u00eda muy bueno y un d\u00eda muy malo pueden ser enormes, y en pocas horas, podemos pasar del sol y la calma, al viento y la nieve. Como referencia, para el mes de febrero, en Puerto Natales (casi a nivel del mar), las temperaturas hist\u00f3ricas oscilan entre m\u00e1ximas de 30\u00baC y m\u00ednimas de -3\u00baC, con medias cercanas a los 14\u00baC. En general, es un mes de pocas precipitaciones, sin embargo, los vientos pueden ser un factor muy importante. Aunque, a diferencia de las ediciones anteriores, ahora correremos en pleno verano, se deben mantener todas las precauciones y estar preparados incluso para las peores condiciones. Esto implica llegar con un buen nivel de entrenamiento para la distancia escogida y haber seleccionado en forma responsable el equipamiento para correr en las monta\u00f1as de estas latitudes.<\/p>\n<div class=\"titleFontzContainer marginBottomz\">\n<h2 class=\"titleFontz\">DISTANCIAS DE CARRERA<\/h2>\n<\/div>\n<div class=\"scrollTable\">\n<table class=\"aligncenter tableStylingz\">\n<tbody>\n<tr>\n<td rowspan=\"2\" class=\"tableFiord\">ULTRA FIORD<sup style=\"font-size: 10px;position: relative;top: 4px;\">\u00ae<\/sup><\/td>\n<td class=\"primeroColumnz distanceHeader\" rowspan=\"2\">16K<\/td>\n<td class=\"primeroColumnz distanceHeader\" rowspan=\"2\">30K<\/td>\n<td class=\"primeroColumnz distanceHeader\" rowspan=\"2\">42K<\/td>\n<td class=\"segundoColumnz distanceHeader\" rowspan=\"2\">55K<\/td>\n<\/tr>\n<tr><\/tr>\n<tr>\n<td class=\"terceroColumnz\">Dificultad<\/td>\n<td class=\"primeroColumnz\">Alta<\/td>\n<td class=\"primeroColumnz\">Alta<\/td>\n<td class=\"primeroColumnz\">Alta<\/td>\n<td class=\"segundoColumnz\">Muy Alta<\/td>\n<\/tr>\n<tr>\n<td class=\"terceroColumnz\">Distancia en kilo\u0301metros<\/td>\n<td class=\"primeroColumnz\">16.3<\/td>\n<td class=\"primeroColumnz\">29.3<\/td>\n<td class=\"primeroColumnz\">43.5<\/td>\n<td class=\"segundoColumnz\">55.7<\/td>\n<\/tr>\n<tr>\n<td class=\"terceroColumnz\">Desnivel+<\/td>\n<td class=\"primeroColumnz\">950<strong class=\"smallmz\">m<\/strong><\/td>\n<td class=\"primeroColumnz\">1.750<strong class=\"smallmz\">m<\/strong><\/td>\n<td class=\"primeroColumnz\">2.700<strong class=\"smallmz\">m<\/strong><\/td>\n<td class=\"segundoColumnz\">3.600<strong class=\"smallmz\">m<\/strong><\/td>\n<\/tr>\n<tr>\n<td class=\"terceroColumnz\">Altitud ma\u0301xima<\/td>\n<td class=\"primeroColumnz\">710 msnm<\/td>\n<td class=\"primeroColumnz\">845 msnm<\/td>\n<td class=\"primeroColumnz\">1.110 msnm<\/td>\n<td class=\"segundoColumnz\">1.180 msnm<\/td>\n<\/tr>\n<tr>\n<td class=\"terceroColumnz\">Tiempo ma\u0301ximo<\/td>\n<td class=\"primeroColumnz\">10 h<\/td>\n<td class=\"primeroColumnz\">10 h<\/td>\n<td class=\"primeroColumnz\">12 h<\/td>\n<td class=\"segundoColumnz\">15 h<\/td>\n<\/tr>\n<tr>\n<td class=\"terceroColumnz\">Lugar de partida<\/td>\n<td class=\"primeroColumnz\">Campamento Base<br \/>R\u00edo Serrano<\/td>\n<td class=\"primeroColumnz\">Campamento Base<br \/>R\u00edo Serrano<\/td>\n<td class=\"primeroColumnz\">Campamento Base<br \/>R\u00edo Serrano<\/td>\n<td class=\"segundoColumnz\">Campamento Base<br \/>R\u00edo Serrano<\/td>\n<\/tr>\n<tr>\n<td class=\"terceroColumnz\">Hora de partida<\/td>\n<td class=\"primeroColumnz\">10:00<\/td>\n<td class=\"primeroColumnz\">10:00<\/td>\n<td class=\"primeroColumnz\">06:00<\/td>\n<td class=\"segundoColumnz\">06:00<\/td>\n<\/tr>\n<tr>\n<td class=\"terceroColumnz\">Lugar de meta<\/td>\n<td class=\"primeroColumnz\">Campamento Base<br \/>R\u00edo Serrano<\/td>\n<td class=\"primeroColumnz\">Campamento Base<br \/>R\u00edo Serrano<\/td>\n<td class=\"primeroColumnz\">Campamento Base<br \/>R\u00edo Serrano<\/td>\n<td class=\"segundoColumnz\">Campamento Base<br \/>R\u00edo Serrano<\/td>\n<\/tr>\n<tr>\n<td class=\"terceroColumnz\">Horario de corte<\/td>\n<td class=\"primeroColumnz\">20:00<\/td>\n<td class=\"primeroColumnz\">20:00<\/td>\n<td class=\"primeroColumnz\">18:00<\/td>\n<td class=\"segundoColumnz\">21:00<\/td>\n<\/tr>\n<tr>\n<td class=\"terceroColumnz\">Cierre de meta<\/td>\n<td class=\"primeroColumnz\">21:30<\/td>\n<td class=\"primeroColumnz\">21:30<\/td>\n<td class=\"primeroColumnz\">21:30<\/td>\n<td class=\"segundoColumnz\">21:30<\/td>\n<\/tr>\n<tr>\n<td class=\"terceroColumnz\">Puntos de asistencia (PAS)*<\/td>\n<td class=\"primeroColumnz\">4<\/td>\n<td class=\"primeroColumnz\">5<\/td>\n<td class=\"primeroColumnz\">7<\/td>\n<td class=\"segundoColumnz\">9<\/td>\n<\/tr>\n<tr>\n<td class=\"terceroColumnz\">Puntos de autorregistro (PAR)<\/td>\n<td class=\"primeroColumnz\">No<\/td>\n<td class=\"primeroColumnz\">No<\/td>\n<td class=\"primeroColumnz\">No<\/td>\n<td class=\"segundoColumnz\">S\u00ed (3)<\/td>\n<\/tr>\n<tr>\n<td class=\"terceroColumnz\">Bolso de corredor (custodia)<\/td>\n<td class=\"primeroColumnz\">Partida \/ Meta<\/td>\n<td class=\"primeroColumnz\">Partida \/ Meta<\/td>\n<td class=\"primeroColumnz\">Partida \/ Meta<\/td>\n<td class=\"segundoColumnz\">Partida \/ Meta<\/td>\n<\/tr>\n<tr>\n<td class=\"terceroColumnz\">Equipamiento obligatorio<\/td>\n<td class=\"primeroColumnz\">S\u00ed<\/td>\n<td class=\"primeroColumnz\">S\u00ed<\/td>\n<td class=\"primeroColumnz\">S\u00ed<\/td>\n<td class=\"segundoColumnz\">S\u00ed<\/td>\n<\/tr>\n<tr>\n<td class=\"terceroColumnz\">Charla te\u0301cnica virtual<\/td>\n<td class=\"primeroColumnz\">Recomendada<\/td>\n<td class=\"primeroColumnz\">Recomendada<\/td>\n<td class=\"primeroColumnz\">Recomendada<\/td>\n<td class=\"segundoColumnz\">Recomendada<\/td>\n<\/tr>\n<tr>\n<td class=\"terceroColumnz noteInclude\" colspan=\"7\"><strong>*<\/strong> En los Puntos de Asistencia se incluyen la partida y la meta.<\/td>\n<\/tr>\n<tr>\n<td class=\"terceroColumnz noteInclude\" colspan=\"7\"><strong>NOTA<\/strong>: El contenido de esta tabla corresponde a informaci\u00f3n preliminar. Podr\u00eda ser modificada en los pr\u00f3ximos meses.<\/td>\n<\/tr>\n<\/tbody>\n<\/table>\n<\/div>\n<\/div>\n<p><\/p>","protected":false},"excerpt":{"rendered":"<p>ultra fiord\u00ae 16K &#8210; 30K &#8210; 42K &#8210; 55K PR\u00d3XIMA EDICI\u00d3N &#8210; SER\u00c1 ANUNCIADA CUANDO EST\u00c9 CONFIRMADA La pr\u00f3xima edici\u00f3n de Ultra Fiord\u00ae ser\u00e1 anunicada cuando est\u00e9 confirmada. Por tercera vez volveremos a correr en medio del verano patag\u00f3nico. En relaci\u00f3n a las primeras ediciones, que se realizaron en el mes de Abril (oto\u00f1o en [&hellip;]<\/p>\n","protected":false},"author":1,"featured_media":0,"parent":0,"menu_order":0,"comment_status":"closed","ping_status":"closed","template":"","meta":[],"_links":{"self":[{"href":"https:\/\/www.ultrafiord.com\/es\/wp-json\/wp\/v2\/pages\/353"}],"collection":[{"href":"https:\/\/www.ultrafiord.com\/es\/wp-json\/wp\/v2\/pages"}],"about":[{"href":"https:\/\/www.ultrafiord.com\/es\/wp-json\/wp\/v2\/types\/page"}],"author":[{"embeddable":true,"href":"https:\/\/www.ultrafiord.com\/es\/wp-json\/wp\/v2\/users\/1"}],"replies":[{"embeddable":true,"href":"https:\/\/www.ultrafiord.com\/es\/wp-json\/wp\/v2\/comments?post=353"}],"version-history":[{"count":44,"href":"https:\/\/www.ultrafiord.com\/es\/wp-json\/wp\/v2\/pages\/353\/revisions"}],"predecessor-version":[{"id":924,"href":"https:\/\/www.ultrafiord.com\/es\/wp-json\/wp\/v2\/pages\/353\/revisions\/924"}],"wp:attachment":[{"href":"https:\/\/www.ultrafiord.com\/es\/wp-json\/wp\/v2\/media?parent=353"}],"curies":[{"name":"wp","href":"https:\/\/api.w.org\/{rel}","templated":true}]}}