{"id":192,"date":"2023-06-26T18:27:10","date_gmt":"2023-06-26T18:27:10","guid":{"rendered":"https:\/\/pink.ultimatepatagonia.com\/?page_id=192"},"modified":"2025-03-17T16:51:21","modified_gmt":"2025-03-17T16:51:21","slug":"press","status":"publish","type":"page","link":"https:\/\/www.ultrafiord.com\/es\/press","title":{"rendered":"Prensa"},"content":{"rendered":"<p><\/p>\n<style>\n#bannerPage {\nbackground-image: url('https:\/\/cdn.racingpatagonia.com\/ufiord\/images\/slideshow14_utf2201stpaDSC01512.jpg') !important;\nbackground-position: 0em 0em;\n}\n.container {\n    max-width: none;\n    margin: 0 auto !important;\n    padding: 0;\n}\n#backgroundChangeEquipment {\nbackground-color: #617020 !important;\ncolor: #fff;\ntext-shadow: 1px 1px 1px #000, 1px 1px 1px #000;\nfont-size: 13px;\npadding: 0px 10px !important;\n}\n.cellYellow {\npadding: 10px !important;\nbackground-color:#f8dc55;\ntext-align: left;\nvertical-align: top;\n}\n.cellBlack {\npadding: 10px !important;\nbackground-color:#515151;\ntext-align: left;\nvertical-align: top;\n}\n.cellBlackFont {\ncolor: #fff;\ntext-shadow: 1px 0px 1px #000;\n}\nli {\nfont-size: 15px;\n}\n.footerRowz {\nbackground-color: #fffbde;\n}\n.strongWhitePER {\ncolor:#fff;\ntext-shadow:1px 1px 2px #000, 0px 1px 1px #000, 0px 0px 1px #000;\n}\n.strongRed {\ncolor:#f00;\n}\n.subHeaderFont {\nfont-family: 'Futura';\nfont-size: 13px;\nfont-weight: bold;\ntext-align: center;\nmargin: 10px 0px !important;\n}\n#trademarkHistory {\nfont-family: Futura;\nfont-size: 12px;\nposition: relative;\ntop: -25px;\n}\n.containerGraph {\nborder: 3px solid #000;\ndisplay:flex;\nflex-direction:column;\nwidth: 100%;\ntext-align: center;\nmargin: 0 auto;\n}\n.videoContainer {\ndisplay:block;\ntext-align: center;\nmargin: 0 auto;\npadding-top: 30px;\n}\n.smallprintfontz {\nfont-size: 12px;\ntext-align: center;\ncolor: #000;\npadding: 5px !important;\nmargin-bottom: 0px !important;\nfont-family: Futura;\n}\n.smallPrintContainer {\nbackground-color: #fff799 !important;\nborder-top: 1px solid #000;\n}\n#hyphenz {\nposition: relative;\ntop: -7px;\nfont-family: 'Futura';\nmargin: 0px -5px;\nfont-size: 20px;\n}\n.fontz {\nmargin: 30px;\n}\n#tableGraphSplitz {\ndisplay: flex; \nwidth: 53%;\nflex-direction: column;\nalign-items: center;\njustify-content: center; \nmargin: 0 auto;\n}\n#splitTable {\nwidth: fit-content;\n}\n#splitGraph {\nwidth: auto;\n}\n.graphWidth {\nwidth: 100%;\nmargin: 0 auto;\ndisplay: block;\ntext-align:center;\n}\n.meses {\nfont-size: 1em;\npadding: 15px 5px 10px 5px !important;\nletter-spacing: 1px;\ntext-align: center;\ntext-shadow: 1px 1px 1px #000, 1px 1px 1px #000;\n}\n.hyphenYellow, .titleYellow {\ncolor: #fcdc2a;\ntext-shadow: 1px 1px 1px #000, 1px 1px 1px #000;\n}\ntd {\nfont-family: 'Futura';\n}\n.tableTrademarkz {\nfont-size:8px;\ntop:-5px;\nposition:relative;\n}\n.columnTo, .columnFrom, .columnYear {\nwidth: 20%;\n}\n.columnReference {\nwidth: 40%;\n}\n.hrLine:after {\n    background: linear-gradient(270deg,hsla(0,0%,100%,0),#ffd806 50%,hsla(0,0%,100%,0));\n    content: \"\";\n    height: 0.1em;\n    position: absolute;\n    width: 100%;\n    margin-top: 1em;\n}\n.blogQuotes {\nfont-family: Futura;\nfont-size: 20px;\ncolor: #000;\ntext-align: center;\nmargin: 30px 0px;\npadding: 10px;\nletter-spacing: 1px;\n}\n.blogQuotes:before {\n    content: \"\\201C\";\n    font-size: 4rem;\n    line-height: 0px;\n    margin: 0;\n    color: rgba(248, 220, 85, 0.5);\n    font-family: arial, sans-serif;\n    position: relative;\n    top: 0.6rem;\n    right: 0.4rem;\n}\n.fontDenominations {\nmargin: 0 auto;\ntext-align:center;\nwidth:75%;\n}\n.columnSorting {\ncolumns:3;\n-webkit-columns:3;\n-moz-columns: 3;\n}\n.fontz {\nmargin: 20px;\n}\n.slideshowFlags {\nborder: 1px solid var(--color-marineblue);\nmargin: 0px 10px 0px 0px;\nposition: relative;\ntop: 1px;\n}\n.slideshowFlagsDos {\nborder: 1px solid var(--color-marineblue);\nmargin: 0px 10px 0px 0px;\nposition: relative;\ntop: 1px;\n}\n#jquery-slideshow-container #btn-next, #jquery-slideshow-container #btn-prev {\ntop: 60%;\n}\n@media screen and (max-width: 736px) {\n.fontDenominations {\nwidth: 100%;\n}\n#bannerPage {\nbackground-position: center !important;\n}\n.columnSorting {\ncolumns:1;\n-webkit-columns:1;\n-moz-columns: 1;\n}\n}\n@media screen and (max-width: 480px) { \n.fontDenominations {\nwidth: 100%;\n}\n#bannerPage {\nbackground-position: center !important;\n}\n.columnSorting {\ncolumns:1;\n-webkit-columns:1;\n-moz-columns: 1;\n}\n}\n<\/style>\n<div id=\"jquery-slideshow-container\">\n<ul id=\"jquery-slideshow\">\n<li class=\"slideBgroundz\" id=\"slideBgroundzOne\"><span class=\"slideTextFour\"><span>&#8246;<\/span>La carrera tiene el potencial de ser un gran cl\u00e1sico mundial.<span>&#8243;<\/span><\/span><br \/><span class=\"slideTextTwo\"><span>&#8211;<\/span> Jeff Browning <img decoding=\"async\" src=\"https:\/\/cdn.racingpatagonia.com\/expedition\/flags\/flag_USA.png\" alt=\"USA Flag\" width=\"20\" class=\"slideshowFlagsDos\" \/> <span>&#8211;<\/span><span>&#8211;<\/span><\/span><\/li>\n<li class=\"slideBgroundz\" id=\"slideBgroundzTwo\"><span class=\"slideTextOne\"><span>&#8246;<\/span>Un mundo en el que las sensaciones y las emociones se magnifican.<span>&#8243;<\/span><\/span><br \/><span class=\"slideTextThree\"><span>&#8211;<\/span> Anne-Marie Dunhill (Sleep Monsters <img decoding=\"async\" src=\"https:\/\/cdn.racingpatagonia.com\/expedition\/flags\/flag_UK.png\" alt=\"UK Flag\" width=\"20\" class=\"slideshowFlagsDos\" \/>)<span>&#8211;<\/span><\/span><\/li>\n<li class=\"slideBgroundz\" id=\"slideBgroundzOne\"><span class=\"slideTextFive\"><span>&#8246;<\/span>Ultra Fiord no s\u00f3lo fue la mejor carrera que he hecho nunca. Fue el mejor esenario que nunca he visto.<span>&#8243;<\/span><\/span><br \/><span class=\"slideTextTwo\"><span>&#8211;<\/span> Gen\u00eds Zapater <img decoding=\"async\" src=\"https:\/\/cdn.racingpatagonia.com\/expedition\/flags\/flag_Spain.png\" alt=\"Spain Flag\" width=\"20\" class=\"slideshowFlagsDos\" \/><span>&#8211;<\/span><\/span><\/li>\n<li class=\"slideBgroundz\" id=\"slideBgroundzTwo\"><span class=\"slideTextSix\"><span>&#8246;<\/span>Una tremenda carrera, salvaje, ruda y fuerte, apta para todos quienes de verdad sean duros de cabeza y de cor\u00e1zon potente.<span>&#8243;<\/span><\/span><br \/><span class=\"slideTextThree\"><span>&#8211;<\/span> Enzo Ferrari <img decoding=\"async\" src=\"https:\/\/cdn.racingpatagonia.com\/expedition\/flags\/flag_Chile.png\" alt=\"Chile Flag\" width=\"20\" class=\"slideshowFlagsDos\" \/><span>&#8211;<\/span><\/span><\/li>\n<li class=\"slideBgroundz\" id=\"slideBgroundzOne\"><span class=\"slideTextFour\"><span>&#8246;<\/span>Hoy he vivido una carrera con los mejores paisajes que jam\u00e1s haya visto.<span>&#8243;<\/span><\/span><br \/><span class=\"slideTextTwo\"><span>&#8211;<\/span> Mike Leal <img decoding=\"async\" src=\"https:\/\/cdn.racingpatagonia.com\/expedition\/flags\/flag_Spain.png\" alt=\"Spain Flag\" width=\"20\" class=\"slideshowFlagsDos\" \/><span>&#8211;<\/span><\/span><\/li>\n<li class=\"slideBgroundz\" id=\"slideBgroundzTwo\"><span class=\"slideTextFour\"><span>&#8246;<\/span>Los glaciares y las altas cumbres eran evidentemente lo m\u00e1s impresionante, pero cada rinc\u00f3n de esta ruta ten\u00eda su encanto.<span>&#8243;<\/span><\/span><br \/><span class=\"slideTextTwo\"><span>&#8211;<\/span> Marcos Ferro <img decoding=\"async\" src=\"https:\/\/cdn.racingpatagonia.com\/expedition\/flags\/flag_Argentina.png\" alt=\"Argentina Flag\" width=\"20\" class=\"slideshowFlags\" \/><span>&#8211;<\/span><\/span><\/li>\n<li class=\"slideBgroundz\" id=\"slideBgroundzOne\"><span class=\"slideTextFour\"><span>&#8246;<\/span>Una fauna y una flora extraordinaria&#8230; imposible de encontrar el nombre de ning\u00fan \u00e1rbol o ninguna planta, nada se parece a lo que ya conocemos en Francia. Los colores te dejan sin respiraci\u00f3n&#8230;<span>&#8243;<\/span><\/span><br \/><span class=\"slideTextTwo\"><span>&#8211;<\/span> Xavier Thevenard <img decoding=\"async\" src=\"https:\/\/cdn.racingpatagonia.com\/expedition\/flags\/flag_France.png\" alt=\"France Flag\" width=\"20\" class=\"slideshowFlags\" \/> <span>&#8211;<\/span><\/span><\/li>\n<li class=\"slideBgroundz\" id=\"slideBgroundzTwo\"><span class=\"slideTextSix\"><span>&#8246;<\/span><u>As\u00ed es la ultra trail del fin del mundo<\/u>&#8230; La carrera no pod\u00eda tener mejor nombre. Disput\u00e1ndose en la m\u00edtica Patagonia, el trazado lleva a los corredores a descubrir tierra de fiordos y estrechas ensenadas creadas por la erosi\u00f3n de los glaciares&#8230;<span>&#8243;<\/span><\/span><br \/><span class=\"slideTextTwo\"><span>&#8211;<\/span> RedBull <img decoding=\"async\" src=\"https:\/\/cdn.racingpatagonia.com\/expedition\/flags\/flag_Austria.png\" alt=\"Austria Flag\" width=\"20\" class=\"slideshowFlags\" \/> <span>&#8211;<\/span><\/span><\/li>\n<li class=\"slideBgroundz\" id=\"slideBgroundzOne\"><span class=\"slideTextFour\"><span>&#8246;<\/span>Al pisar Puerto Natales, me enamor\u00e9! Creo que eso les pas\u00f3 a la mayor\u00eda! Una vista impresionante, era el perfecto escenario para una carrera!<span>&#8243;<\/span><\/span><br \/><span class=\"slideTextTwo\"><span>&#8211;<\/span> Karina Palomino <img decoding=\"async\" src=\"https:\/\/cdn.racingpatagonia.com\/expedition\/flags\/flag_Peru.png\" alt=\"Peru Flag\" width=\"20\" class=\"slideshowFlags\" \/> <span>&#8211;<\/span><\/span><\/li>\n<\/ul>\n<\/div>\n<p class=\"fontz\">Desde su primera edici\u00f3n, <strong>ULTRA FIORD<sup class=\"ufTrademark\">\u00ae<\/sup><\/strong> ha capturado la atenci\u00f3n de corredores de todo el mundo, y as\u00ed tambi\u00e9n, de la prensa nacional e internacional. Sus im\u00e1genes sorprendentes, su ambiente salvaje, su locaci\u00f3n en un extremo sur del mundo y la magnitud del desaf\u00edo humano, han sido parte de su atractivo. Estos son algunos de los medios de prensa y TV que han cubierto o citado el evento. Estos son algunos de los medios de prensa y TV que han cubierto o citado el evento: <\/p>\n<div class=\"titleSeperators\">\n<h3 class=\"seperatorTitles\" style=\"color:#fff;\">PRENSA INTERNACIONAL<\/h3>\n<\/div>\n<div class=\"fontDenominations\">\n<ul class=\"fontz columnSorting\">\n<li>Trail Runner Magazine <strong>(USA)<\/strong><\/li>\n<li>Runners World <strong>(South Africa)<\/strong><\/li>\n<li>NHK TV <strong>(Japan)<\/strong><\/li>\n<li>I Love Run <strong>(Argentina)<\/strong><\/li>\n<li>O Globo <strong>(Brazil)<\/strong><\/li>\n<li>I Run Far <strong>(USA)<\/strong><\/li>\n<li>Dzien Dobry TVN <strong>(Poland)<\/strong><\/li>\n<li>Sleep Monsters <strong>(UK)<\/strong><\/li>\n<li>Running Ultra <strong>(Canada)<\/strong><\/li>\n<li>Espirit Trail <strong>(Italy)<\/strong><\/li>\n<li>Run and Travel <strong>(Poland)<\/strong><\/li>\n<li>Midia Sport <strong>(Brazil)<\/strong><\/li>\n<li>Running News <strong>(Brazil)<\/strong><\/li>\n<li>Xtrem Sport<\/li>\n<li>U-Trail Tout Le Trail <strong>(France)<\/strong><\/li>\n<li>Montagna Express <strong>(Italy)<\/strong><\/li>\n<li>Tarzan Magazine <strong>(Japan)<\/strong><\/li>\n<li>Corre Monts <strong>(Spain)<\/strong><\/li>\n<li>Running.Be <strong>(Be)<\/strong><\/li>\n<li>Nordic Magazine <strong>(France)<\/strong><\/li>\n<li>Outdoor Magazyn <strong>(Poland)<\/strong><\/li>\n<li>AdventureMag <strong>(Brazil)<\/strong><\/li>\n<li>Run Fit Fun <strong>(France)<\/strong><\/li>\n<li>Carreras de Monta\u00f1a <strong>(Spain)<\/strong><\/li>\n<li>U-Run <strong>(France)<\/strong><\/li>\n<li>Ahotu Marathons <strong>(France)<\/strong><\/li>\n<li>Canadian Running <strong>(Canada)<\/strong><\/li>\n<li>Corre Colombia<\/li>\n<li>Napieraj <strong>(Poland)<\/strong><\/li>\n<li>Endondecorrer <strong>(Mexico)<\/strong><\/li>\n<li>Freewaysport <strong>(Brazil)<\/strong><\/li>\n<li>Melty Xtrem <strong>(France)<\/strong><\/li>\n<li>Mount Airy News <strong>(USA)<\/strong><\/li>\n<li>Naci\u00f3 Muntanya <strong>(Spain)<\/strong><\/li>\n<li>Trail Run <strong>(Spain)<\/strong><\/li>\n<li>Triathlon Blogger <strong>(Sweden)<\/strong><\/li>\n<li>Ultra Run TV <strong>(USA)<\/strong><\/li>\n<li>Ultra Mag <strong>(France)<\/strong><\/li>\n<li>Wild Defined <strong>(USA)<\/strong><\/li>\n<li>Red Bull Adventure <strong>(USA)<\/strong><\/li>\n<li>Programa Folego <strong>(Brazil)<\/strong><\/li>\n<li>Jornal Corrida <strong>(Brazil)<\/strong><\/li>\n<li>Running News <strong>(Brazil)<\/strong><\/li>\n<li>Cade Corrida <strong>(Brazil)<\/strong><\/li>\n<li>Cicao <strong>(Brazil)<\/strong><\/li>\n<li>Corredor de Monta\u00f1a <strong>(Spain)<\/strong><\/li>\n<li>Free Man <strong>(Mexico)<\/strong><\/li>\n<li>Mts Magazine <strong>(Japan)<\/strong><\/li>\n<li>Triangulo Esporte <strong>(Brazil)<\/strong><\/li>\n<li>Blog Do Harry <strong>(Brazil)<\/strong><\/li>\n<li>Trails Endurance Magazine <strong>(France)<\/strong><\/li>\n<li>Journal Do Trail <strong>(France)<\/strong><\/li>\n<li>World trail Runners <strong>(Alemania)<\/strong><\/li>\n<li>Ultra Mania de Correr <strong>(Brazil)<\/strong><\/li>\n<li>Elevation Outdoor <strong>(USA)<\/strong><\/li>\n<li>Polska Biega <strong>(Poland)<\/strong><\/li>\n<li>Kiss The Mountain <strong>(Spain)<\/strong><\/li>\n<li>Correre <strong>(Italy)<\/strong><\/li>\n<li>Ultra Running Magazine <strong>(USA)<\/strong><\/li>\n<li>Portal Corrida <strong>(Brazil)<\/strong><\/li>\n<li>Jornal Metas <strong>(Brazil)<\/strong><\/li>\n<li>Cracks de la Monta\u00f1a <strong>(Mexico)<\/strong><\/li>\n<li>Outdoor Go <strong>(France)<\/strong><\/li>\n<\/ul>\n<\/div>\n<div class=\"titleSeperators\">\n<h3 class=\"seperatorTitles\" style=\"color:#fff;\">PRENSA NACIONAL<\/h3>\n<\/div>\n<div class=\"fontDenominations\">\n<ul class=\"fontz columnSorting\">\n<li>FullOutdoors<\/li>\n<li>Solo Runnig<\/li>\n<li>Soy Ultra<\/li>\n<li>Corredor Promedio<\/li>\n<li>La Voz del Trail<\/li>\n<li>Trail Chile<\/li>\n<li>Running TV<\/li>\n<li>CNN<\/li>\n<li>As<\/li>\n<li>El Mercurio<\/li>\n<li>Run Chile<\/li>\n<\/ul>\n<\/div>\n<p><\/p>","protected":false},"excerpt":{"rendered":"<p>&#8246;La carrera tiene el potencial de ser un gran cl\u00e1sico mundial.&#8243;&#8211; Jeff Browning &#8211;&#8211; &#8246;Un mundo en el que las sensaciones y las emociones se magnifican.&#8243;&#8211; Anne-Marie Dunhill (Sleep Monsters )&#8211; &#8246;Ultra Fiord no s\u00f3lo fue la mejor carrera que he hecho nunca. Fue el mejor esenario que nunca he visto.&#8243;&#8211; Gen\u00eds Zapater &#8211; &#8246;Una [&hellip;]<\/p>\n","protected":false},"author":1,"featured_media":0,"parent":0,"menu_order":0,"comment_status":"closed","ping_status":"closed","template":"","meta":[],"_links":{"self":[{"href":"https:\/\/www.ultrafiord.com\/es\/wp-json\/wp\/v2\/pages\/192"}],"collection":[{"href":"https:\/\/www.ultrafiord.com\/es\/wp-json\/wp\/v2\/pages"}],"about":[{"href":"https:\/\/www.ultrafiord.com\/es\/wp-json\/wp\/v2\/types\/page"}],"author":[{"embeddable":true,"href":"https:\/\/www.ultrafiord.com\/es\/wp-json\/wp\/v2\/users\/1"}],"replies":[{"embeddable":true,"href":"https:\/\/www.ultrafiord.com\/es\/wp-json\/wp\/v2\/comments?post=192"}],"version-history":[{"count":44,"href":"https:\/\/www.ultrafiord.com\/es\/wp-json\/wp\/v2\/pages\/192\/revisions"}],"predecessor-version":[{"id":937,"href":"https:\/\/www.ultrafiord.com\/es\/wp-json\/wp\/v2\/pages\/192\/revisions\/937"}],"wp:attachment":[{"href":"https:\/\/www.ultrafiord.com\/es\/wp-json\/wp\/v2\/media?parent=192"}],"curies":[{"name":"wp","href":"https:\/\/api.w.org\/{rel}","templated":true}]}}