{"id":124,"date":"2023-06-24T17:42:46","date_gmt":"2023-06-24T17:42:46","guid":{"rendered":"https:\/\/pink.ultimatepatagonia.com\/?page_id=124"},"modified":"2025-03-14T17:12:29","modified_gmt":"2025-03-14T17:12:29","slug":"registration","status":"publish","type":"page","link":"https:\/\/www.ultrafiord.com\/es\/registration","title":{"rendered":"Inscripciones"},"content":{"rendered":"<p><\/p>\n<style>\n#bannerPage {\nbackground-image: url('https:\/\/cdn.racingpatagonia.com\/ufiord\/images\/slideshow18_utf2202paaiDSC5081.jpg') !important;\n}\n.container {\n    max-width: none;\n    margin: 0 auto !important;\n    padding: 0;\n}\n.tableCatz {\nfont-size: 15px !important;\n}\n.primeroRowz {\nfont-size: 18px !important;\n}bhe\n.tableStylingz {\nwidth: fit-content;\n}\nli {\nfont-size: 15px;\n}\n.strongRed {\ncolor:#f00;\n}\n.fontzRed {\nfont-size: 13px;\ntext-align: center;\ncolor: #F00;\nfont-family: 'Futura';\nfont-weight: normal;\n-webkit-font-smoothing: antialiased;\n-moz-osx-font-smoothing: grayscale !important;\nmargin: 0px 0px 20px 0px;\n}\n#trademarkHistory {\nfont-family: Futura;\nfont-size: 12px;\nposition: relative;\ntop: -25px;\n}\n.titleFontz {\nmargin: 0 auto;\nfont-size: 3em;\ntext-shadow: 1px 1px 1px var(--color-aquatext);\n}\n.squeezed {\nmargin: 0em 2.5em;\n}\n.titlezExtra {\nfont-size: 14px;\ncolor: #225082;\nfont-family: Futura;\ntext-shadow: 2px 1px 1px #fff;\ntext-rendering: geometricPrecision;\nfont-weight: normal;\n-webkit-font-smoothing: antialiased;\n-moz-osx-font-smoothing: grayscale !important;\nletter-spacing: 1px;\ntext-align: left;\n}\n.centerContent {\nmargin: 0 auto;\nwidth: 100%;\ndisplay: block;\n}\n#scrollTable {\nwidth:100%;\nheight:100%;\n}\n.extraPadding {\npadding: 10px 5px !important;\nwhite-space: nowrap;\n}\n.currency {\npadding: 0px !important;\nfont-size: 13px;\nline-height: 125%;\n}\n.miniprecio {\nfont-size: 9px !important;\nletter-spacing: 1px;\ncolor: #90f6fa;\n}\n.ufLogoz {\nbackground-image: url(https:\/\/www.ultrafiord.com\/wp-content\/themes\/wildblue\/images\/logo_UF_250px.png);\nbackground-repeat:no-repeat;\nbackground-position: center;\nbackground-size: cover !important;\npadding: 70px !important;\nwidth: 10%;\n}\n.seperatorTitles {\npadding: 1px !important;\nfont-size: 2em;\ncolor:#fff;\n}\n#limitWidth {\nmargin: 0em 2em;\n}\n.distanceRegistration {\nfont-family: PressStyleExtra;\nfont-size: 2.5em;\ntext-rendering: geometricPrecision;\nfont-weight: normal;\n-webkit-font-smoothing: antialiased;\n-moz-osx-font-smoothing: grayscale !important;\ntext-shadow: 1px 2px 1px #0b2847, 1px 1px 1px #0b2847, 1px 1px 1px #0b2847;\ncolor:#fff;\nletter-spacing: 3px;\nline-height: 120%;\n}\n.saleTitlez {\nwidth: 30%;\nwhite-space: nowrap;\n}\n#notez {\nfont-size: 14px;\ncolor: #0b2847;\nfont-family: 'futura_medium';\ntext-rendering: geometricPrecision;\nfont-weight: bold;\n-webkit-font-smoothing: antialiased;\n-moz-osx-font-smoothing: grayscale !important;\nletter-spacing: 1px;\npadding: 10px 3px 6px 3px;\ntext-transform: initial;\n}\n.paragraphsBullets {\ntext-align: left;\n}\n.colorUF {\ncolor:#90f6fa;\ntext-shadow:1px 1px 1px #000 !important;\n}\n.buttonFontz {\nfont-size: 18px;\ntext-shadow: 1px 1px 1px #000;\nfont-family: 'KeepCalm';\ntext-rendering: geometricPrecision;\nfont-weight: normal;\n-webkit-font-smoothing: antialiased;\n-moz-osx-font-smoothing: grayscale !important;\nline-height: 140%;\nbackground-repeat: no-repeat;\nletter-spacing: 3px;\ntext-transform: uppercase;\ncursor: pointer;\n}\n.buttonTwo {\nheight: auto;\ncolor: #0b2847 !important;\ntext-rendering: geometricPrecision;\ntext-shadow: 3px 2px 7px #fff;\nfont-family: 'PressStyleExtraregular';\npadding: 3px 20px;\n-webkit-font-smoothing: antialiased;\n-moz-osx-font-smoothing: grayscale !important;\nbox-shadow: 0 3px 15px 0 rgb(11 20 161 \/ 23%), 0 2px 4px 0 rgb(11 20 161 \/ 20%);\nborder-radius: 8px;\nwidth: fit-content !important;\nmax-width: 100% !important;\nbackground-color: #90f6fa !important;\npadding: 3px 10px!important;\n}\n.buttonTwo:hover {\nopacity: .7;\nbackground-color: #0b2847 !important;\ncolor: #90f6fa !important;\nbox-shadow: 0 3px 15px 0 rgb(11 20 161 \/ 23%), 0 2px 4px 0 rgb(11 20 161 \/ 20%);\n}\n.buttonFontzTwo {\nfont-size: 10px;\ntext-shadow: none;\nfont-family: 'Futura';\ntext-rendering: geometricPrecision;\nfont-weight: normal;\n-webkit-font-smoothing: antialiased;\n-moz-osx-font-smoothing: grayscale !important;\nbackground-repeat: no-repeat;\nletter-spacing: 1px;\ntext-transform: uppercase;\ncursor: pointer;\n}\n#buttonRulesSplit {\nwidth: 100%;\ndisplay: inline-flex;\ntext-align: center;\nmargin: 0 auto;\nflex-flow: initial;\nplace-items: flex-end;\njustify-content: center;\nflex-direction: row;\n}\ninput[type=\"checkbox\"] {\nwidth: 15px;\nheight: 21px;\nmargin: 1px;\nvertical-align: middle !important;\ndisplay: inline-flex !important;\n}\n.id_complete {\nheight: auto;\nvertical-align: top;\npadding: 10px;\nbackground-color:#33AE3F !important;\ncolor: #fff;\ntext-rendering: geometricPrecision;\nwidth: 300px !important;\ntext-shadow: 1px 1px 1px #000;\nfont-family: 'Futura' !important;\n-webkit-font-smoothing: antialiased;\n-moz-osx-font-smoothing: grayscale !important;\nbox-shadow: 0 3px 15px 0 rgba(11, 20, 161, 0.23), 0 2px 4px 0 rgba(11, 20, 161, 0.20);\nborder-radius: 8px;\nletter-spacing: 2px;\nfont-size: 17px;\nmax-width: 100% !important;\n}\n.id_complete:disabled {\ncolor: rgba(100, 100, 100, 1) !important;\ntext-shadow: none;\nopacity: 0.8;\n}\n.id_complete:hover {\nopacity: 0.75;\ncursor: pointer;\n}\n.id_complete:disabled:hover {\ncursor: default;\n}\ninput[type=\"checkbox\"] {\nwidth: 20px;\nheight: 21px;\nmargin: 1px;\nvertical-align: middle !important;\ntop: -1px;\nposition: relative;\n}\n#acceptz {\nfont-weight: bold;\nfont-size: 15px;\nmargin: 0px 5px 0px 5px;\nfont-family: 'Futura';\nletter-spacing: 1px;\ncolor: #225082;\n}\n#decorationz {\ntext-decoration: none !important;\ncolor: #225082 !important;\n}\n#centerButton {\ndisplay: inline-flex;\njustify-content: space-evenly;\nmargin: 50px 0px;\nwidth: 100%;\n}\n#titleContainer {\nmargin-top: -75px;\nmargin-bottom: 20px;\n}\n.centerContent {\ntext-align: center;\n}\ntableStylingz {\noverflow: auto;\n}\n@media screen and (max-width: 736px) {\n.scrollTable {\noverflow: scroll;\n}\n#id_complete, #id_completeTwo {\nmargin: 10px 0px;\n}\n#buttonRulesSplit {\nflex-direction: column;\nplace-items: center;\n}\n#centerButton {\nflex-direction: column;\nwidth: 100%;\nmargin: 0 auto;\ntext-align: center;\nalign-items: center;\nmargin: 20px 0px;\n}\n#bannerPage {\nbackground-position: center !important;\n}\n}\n@media screen and (max-width: 480px) { \n.scrollTable {\noverflow: scroll;\n}\n#id_complete, #id_completeTwo {\nmargin: 10px 0px;\n}\n#buttonRulesSplit {\nflex-direction: column;\nplace-items: center;\n}\n#centerButton {\nflex-direction: column;\nwidth: 100%;\nmargin: 0 auto;\ntext-align: center;\nalign-items: center;\nmargin: 20px 0px;\n}\n#bannerPage {\nbackground-position: center !important;\n}\n}\n<\/style>\n<p><script data-require=\"jquery@*\" data-semver=\"3.0.0\" src=\"https:\/\/cdnjs.cloudflare.com\/ajax\/libs\/jquery\/3.0.0\/jquery.js\"><\/script><br \/>\n<script type=\"text\/javascript\">\njQuery(document).ready(function($) {\n$('.check-required').change(function() {\n\t\t$('.id_complete').prop('disabled', $('.check-required').length !== $('.check-required:checked').length);\n\t}).change();\n});\n<\/script><br \/>\n<script>\njQuery(document).ready(function($) {\n  $('#id_complete').click(function() {\n    window.open(\"https:\/\/welcu.com\/racingpatagonia\/ultra_fiord_2024_clp\");\n   });\n});\njQuery(document).ready(function($) {\n  $('#id_completeTwo').click(function() {\n    window.open(\"https:\/\/www.wetravel.com\/checkout_embed?uuid=14551906\");\n   });\n});\n<\/script><\/p>\n<div id=\"titleContainer\">\n<h3 class=\"titleFontz\">INSCRIPCIONES ULTRA FIORD<span id=\"trademarkHistory\">\u00ae<\/span><\/h3>\n<h4 class=\"titleFontz\" style=\"font-size:2em;\">55K &#8211; 42K &#8211; 30K &#8211; 16K<\/h4>\n<\/div>\n<div class=\"titleSeperators\">\n<h4 class=\"seperatorTitles\">DETALLES DE INSCRIPCI\u00d3N<\/h4>\n<\/div>\n<div class=\"squeezed\">\n<p class=\"fontz\" style=\"padding-top:15px;\"><strong style=\"font-family: Futura;color: #225082;\"><u>IMPORTANTE<\/u><\/strong>: Debes saber que Ultra Fiord<sup class=\"ufTrademark\">\u00ae<\/sup> es una <u>carrera de monta\u00f1a aut\u00e9ntica<\/u>, con importantes desniveles y secciones t\u00e9cnicas, que se desarrolla en una zona de <u>geograf\u00eda compleja<\/u> y <u>condiciones meteorol\u00f3gicas<\/u> que pueden llegar a ser <u>muy hostiles<\/u>, por lo que <u>es necesario tener experiencia previa<\/u>. Para ser parte del evento debes conocer y aceptar sus reglas. Antes de inscribirte, <a id=\"decorationzDos\" href=\"https:\/\/www.ultrafiord.com\/es\/rules\/\" target=\"_blank\" title=\"Ultra Fiord Rules\" rel=\"noopener\">es tu responsabilidad leer el Reglamento General de Ultra Fiord<sup class=\"ufTrademark\">\u00ae<\/sup> 2024<\/a>. <u>Para que tu inscripci\u00f3n sea v\u00e1lida<\/u> debes cumplir con las exigencias del evento y con los requisitos m\u00ednimos de la distancia de carrera que has escogido: <\/p>\n<div class=\"centerContent\">\n<p class=\"fontz centerContent\"><span class=\"titlezExtra\">ULTRA FIORD<sup style=\"font-size:7px;\">\u00ae<\/sup> 16K:<\/span> Haber finalizado al menos 2 eventos de trail running con distancias iguales o superiores a 10 km.<\/p>\n<p class=\"fontz centerContent\"><span class=\"titlezExtra\">ULTRA FIORD<sup style=\"font-size:7px;\">\u00ae<\/sup> 30K:<\/span> Haber finalizado al menos 2 eventos de trail running con distancias iguales o superiores a 20 km.<\/p>\n<p class=\"fontz centerContent\"><span class=\"titlezExtra\">ULTRA FIORD<sup style=\"font-size:7px;\">\u00ae<\/sup> 42K:<\/span> Haber finalizado al menos 2 eventos de trail running con distancias iguales o superiores a 42 km.<\/p>\n<p class=\"fontz centerContent\"><span class=\"titlezExtra\">ULTRA FIORD<sup style=\"font-size:7px;\">\u00ae<\/sup> 55K:<\/span> Haber finalizado al menos 2 eventos de trail running con distancias iguales o superiores a 50 km.<\/p>\n<\/div>\n<p class=\"fontz\">Cualquier experiencia en monta\u00f1a, recreativa o deportiva, sea en excursiones, traves\u00edas o ascensiones, ser\u00e1 considerada como un complemento importante a tu experiencia como corredor. Si tienes cualquier duda puedes escribirnos a <a id=\"correoLink\" href=\"mailto:info@ultrafiord.com\">info@ultrafiord.com<\/a>.<\/p>\n<\/div>\n<div id=\"limitWidth\">\n<div id=\"scrollTable\">\n<table class=\"aligncenter tableStylingz\">\n<tr class=\"titleSeperators\">\n<td class=\"seperatorTitles\" colspan=\"7\" style=\"border:1px solid #000;\">VALORES Y ETAPAS DE INSCRIPCI\u00d3N<\/td>\n<\/tr>\n<tbody>\n<tr class=\"aquaRowz\">\n<td rowspan=\"3\" class=\"ufLogoz\"><\/td>\n<td colspan=\"2\" class=\"extraPadding saleTitlez\">S\u00faper Preventa<\/td>\n<td colspan=\"2\" class=\"extraPadding saleTitlez\">Preventa<\/td>\n<td colspan=\"2\" class=\"extraPadding saleTitlez\">Normal<\/td>\n<\/tr>\n<tr class=\"darkBlueRowz\">\n<td colspan=\"2\" class=\"extraPadding\">Ser\u00e1 actualizada<\/td>\n<td colspan=\"2\" class=\"extraPadding\">Ser\u00e1 actualizada<\/td>\n<td colspan=\"2\" class=\"extraPadding\">Ser\u00e1 actualizada<\/td>\n<\/tr>\n<tr class=\"altBlueRowz\">\n<td class=\"currency\">USD<br \/><span class=\"miniprecio\">(EXTRANJEROS)<\/span><\/td>\n<td class=\"currency\">CLP<br \/><span class=\"miniprecio\">(CHILENOS)<\/span><\/td>\n<td class=\"currency\">USD<br \/><span class=\"miniprecio\">(EXTRANJEROS)<\/span><\/td>\n<td class=\"currency\">CLP<br \/><span class=\"miniprecio\">(CHILENOS)<\/span><\/td>\n<td class=\"currency\">USD<br \/><span class=\"miniprecio\">(EXTRANJEROS)<\/span><\/td>\n<td class=\"currency\">CLP<br \/><span class=\"miniprecio\">(CHILENOS)<\/span><\/td>\n<\/tr>\n<tr>\n<td class=\"primeroColumnz distanceRegistration\">16K<\/td>\n<td class=\"tableCatzDos\">&#8212;<\/td>\n<td class=\"tableCatzDos\">&#8212;<\/td>\n<td class=\"tableCatzDos\">&#8212;<\/td>\n<td class=\"tableCatzDos\">&#8212;<\/td>\n<td class=\"tableCatzDos\">&#8212;<\/td>\n<td class=\"tableCatzDos\">&#8212;<\/td>\n<\/tr>\n<tr>\n<td class=\"primeroColumnz distanceRegistration\">30K<\/td>\n<td class=\"tableCatzDos\">&#8212;<\/td>\n<td class=\"tableCatzDos\">&#8212;<\/td>\n<td class=\"tableCatzDos\">&#8212;<\/td>\n<td class=\"tableCatzDos\">&#8212;<\/td>\n<td class=\"tableCatzDos\">&#8212;<\/td>\n<td class=\"tableCatzDos\">&#8212;<\/td>\n<\/tr>\n<tr>\n<td class=\"primeroColumnz distanceRegistration\">42K<\/td>\n<td class=\"tableCatzDos\">&#8212;<\/td>\n<td class=\"tableCatzDos\">&#8212;<\/td>\n<td class=\"tableCatzDos\">&#8212;<\/td>\n<td class=\"tableCatzDos\">&#8212;<\/td>\n<td class=\"tableCatzDos\">&#8212;<\/td>\n<td class=\"tableCatzDos\">&#8212;<\/td>\n<\/tr>\n<tr>\n<td class=\"primeroColumnz distanceRegistration\">55K<\/td>\n<td class=\"tableCatzDos\">&#8212;<\/td>\n<td class=\"tableCatzDos\">&#8212;<\/td>\n<td class=\"tableCatzDos\">&#8212;<\/td>\n<td class=\"tableCatzDos\">&#8212;<\/td>\n<td class=\"tableCatzDos\">&#8212;<\/td>\n<td class=\"tableCatzDos\">&#8212;<\/td>\n<\/tr>\n<tr class=\"aquaRowz\">\n<td id=\"notez\" colspan=\"7\"><u style=\"font-weight:bold;\">NOTA<\/u>: Los precios detallados m\u00e1s arriba no incluyen el pago de comisi\u00f3n a Welcu o WeTravel, sistema externo de inscripci\u00f3n, el cual ser\u00e1 agregado al finalizar la compra.<br \/>\n<br \/>\n<u style=\"font-weight:bold;\">NOTA 2<\/u>: Si vives en la regi\u00f3n de Magallanes tienes un 15% de descuento, el cual puedes solicitar escribi\u00e9ndonos a\u00a0<a id=\"correoLink\" href=\"mailto:info@ultrafiord.com\" style=\"color:#003460;\">info@ultrafiord.com<\/a>\u00a0envi\u00e1ndonos tu RUT y direcci\u00f3n, para generar tu c\u00f3digo de descuento.<\/td>\n<\/tr>\n<\/tbody>\n<tr class=\"titleSeperators\">\n<td class=\"seperatorTitles\" colspan=\"7\" style=\"border:1px solid #000;\">LA INSCRIPCI\u00d3N INCLUYE<\/td>\n<\/tr>\n<tbody class=\"tableCatzDos\" colspan=\"7\">\n<tr>\n<td colspan=\"7\">\n<ul class=\"paragraphsBullets\">\n<li>Gesti\u00f3n anual del evento (tareas administrativas, manejo de web y redes sociales, tr\u00e1mite de permisos, comunicaci\u00f3n con corredores, autoridades, proveedores y prensa, gesti\u00f3n de inscripciones, etc.).<\/li>\n<li>Dise\u00f1o, exploraci\u00f3n, apertura, limpieza y marcaje de la ruta.<\/li>\n<li>Puntos de Asistencia (con hidrataci\u00f3n y alimentaci\u00f3n) en la ruta de carrera.<\/li>\n<li>Soporte de staff y equipo t\u00e9cnico durante la carrera.<\/li>\n<li>Personal de primeros auxilios.<\/li>\n<li>Polera oficial Ultra Fiord<sup style=\"font-size:8px;top:0px;position:relative;\">\u00ae<\/sup>.<\/li>\n<li>Cuello tubular (bandana) oficial Ultra Fiord<sup style=\"font-size:8px;top:0px;position:relative;\">\u00ae<\/sup>.<\/li>\n<li>N\u00famero oficial de corredor.<\/li>\n<li>Chip de cronometraje reciclable.<\/li>\n<li>Medalla para todos los corredores que completen su distancia de carrera en los tiempos establecidos.<\/li>\n<li>Medallas para los ganadores por categor\u00edas y clasificaci\u00f3n general.<\/li>\n<li>Colaci\u00f3n e hidrataci\u00f3n en la meta.<\/li>\n<li>Servicio de guardarrop\u00eda.<\/li>\n<li>Charlas t\u00e9cnicas virtuales.<\/li>\n<li>Gu\u00eda del Corredor (copia digital).<\/li>\n<\/ul>\n<\/td>\n<\/tr>\n<\/tbody>\n<\/table>\n<\/div>\n<\/div>\n<div class=\"titleSeperators\">\n<h4 class=\"seperatorTitles\">PROCESO DE INSCRIPCI\u00d3N<\/h4>\n<\/div>\n<div id=\"buttonRulesSplit\">\n<label><br \/>\n<input class=\"check-required\" autocomplete=\"off\" type=\"checkbox\"><span id=\"acceptz\">He le\u00eddo, entiendo y acepto el<br \/>\n<\/label><br \/>\n<a id=\"decorationz\" href=\"https:\/\/www.ultrafiord.com\/en\/rules\/\" target=\"_blank\" title=\"Ultra Fiord Rules\" rel=\"noopener\"><button class=\"buttonTwo\" type=\"submit\" name=\"save\"><span class=\"buttonFontzTwo\">Relgamento de Ultra Fiord<sup class=\"ufTrademark\">\u00ae<\/sup> 2024<\/span><\/button><\/a><\/span>\n<\/div>\n<div id=\"centerButton\">\n<input type=\"button\" class=\"id_complete\" id=\"id_complete\" value=\"CHILENOS ($ CLP)\" class=\"btn btn-primary\" disabled=\"disabled\" name=\"save\" type=\"submit\"><\/input><input type=\"button\" class=\"id_complete\" id=\"id_completeTwo\" value=\"EXTRANJEROS ($ USD)\" class=\"btn btn-primary\" disabled=\"disabled\" name=\"save\" type=\"submit\"><\/input>\n<\/div>\n<div class=\"squeezed\">\n<p class=\"fontz\"><strong style=\"font-family: Futura;color: #225082;\"><u>NOTA<\/u><\/strong>: Toda la informaci\u00f3n que completes en el formulario de inscripci\u00f3n ser\u00e1 revisada, y si no cumples con los requisitos m\u00ednimos establecidos para cada distancia, tu inscripci\u00f3n podr\u00eda ser rechazada. En estos casos se te devolver\u00e1 el monto de registro en el evento menos un 5% por gastos administrativos y sin la comisi\u00f3n de la ticketera u otra asociada a este reembolso.. <\/p>\n<\/div>\n<p><\/p>","protected":false},"excerpt":{"rendered":"<p>INSCRIPCIONES ULTRA FIORD\u00ae 55K &#8211; 42K &#8211; 30K &#8211; 16K DETALLES DE INSCRIPCI\u00d3N IMPORTANTE: Debes saber que Ultra Fiord\u00ae es una carrera de monta\u00f1a aut\u00e9ntica, con importantes desniveles y secciones t\u00e9cnicas, que se desarrolla en una zona de geograf\u00eda compleja y condiciones meteorol\u00f3gicas que pueden llegar a ser muy hostiles, por lo que es necesario [&hellip;]<\/p>\n","protected":false},"author":1,"featured_media":0,"parent":0,"menu_order":0,"comment_status":"closed","ping_status":"closed","template":"","meta":[],"_links":{"self":[{"href":"https:\/\/www.ultrafiord.com\/es\/wp-json\/wp\/v2\/pages\/124"}],"collection":[{"href":"https:\/\/www.ultrafiord.com\/es\/wp-json\/wp\/v2\/pages"}],"about":[{"href":"https:\/\/www.ultrafiord.com\/es\/wp-json\/wp\/v2\/types\/page"}],"author":[{"embeddable":true,"href":"https:\/\/www.ultrafiord.com\/es\/wp-json\/wp\/v2\/users\/1"}],"replies":[{"embeddable":true,"href":"https:\/\/www.ultrafiord.com\/es\/wp-json\/wp\/v2\/comments?post=124"}],"version-history":[{"count":53,"href":"https:\/\/www.ultrafiord.com\/es\/wp-json\/wp\/v2\/pages\/124\/revisions"}],"predecessor-version":[{"id":936,"href":"https:\/\/www.ultrafiord.com\/es\/wp-json\/wp\/v2\/pages\/124\/revisions\/936"}],"wp:attachment":[{"href":"https:\/\/www.ultrafiord.com\/es\/wp-json\/wp\/v2\/media?parent=124"}],"curies":[{"name":"wp","href":"https:\/\/api.w.org\/{rel}","templated":true}]}}