{"id":10,"date":"2023-06-23T17:11:01","date_gmt":"2023-06-23T17:11:01","guid":{"rendered":"https:\/\/pink.ultimatepatagonia.com\/?page_id=10"},"modified":"2025-03-14T14:28:01","modified_gmt":"2025-03-14T14:28:01","slug":"about-the-race","status":"publish","type":"page","link":"https:\/\/www.ultrafiord.com\/es\/about-the-race","title":{"rendered":"Acerca de la Carrera"},"content":{"rendered":"<p><\/p>\n<style>\n#bannerPage {\nbackground-image: url('https:\/\/cdn.racingpatagonia.com\/ufiord\/images\/slideshow8_Alvial_DSC0267.jpg') !important;\nbackground-position: 0em 0em;\n}\nsup {\nposition: relative;\ntop: 4px;\n}\ntd {\nborder: 1px solid #000;\n}\n.registered {\nfont-size: 9px;\nposition: relative;\ntop: -2px;\n}\n#logoTitleContainer {\nwidth: 100%;\nmargin: 0 auto;\ndisplay: flex;\nflex-flow: column;\nflex-shrink: inherit;\njustify-content: center;\n}\n.titleSeperators {\nbackground-color: #0b2847;\nline-height: 15px;\n}\n.seperatorTitles {\nfont-family: 'PressStyleExtra';\nfont-weight: 100;\ntext-rendering: geometricPrecision;\n-webkit-font-smoothing: antialiased;\n-moz-osx-font-smoothing: grayscale !important;\ncolor: #90f6fa;\ntext-shadow: 2px 2px 1px #000, 1px 1px 1px #0b2847;\ntext-align:center;\npadding: 5px 2px 3px 2px;\nletter-spacing: 3px;\nmargin: 0 auto;\ntext-transform: uppercase;\n}\n.squeezed {\nmargin: 0em 2.5em;\n}\n#ufRunner {\nposition: relative;\ntop: 129px;\nleft: -20px;\n}\n#ufTitlez {\nfont-size:75px;\npadding-bottom:5px;\ncolor: #1A66B1;\ntext-align: center;\nfont-weight: normal;\nfont-family: 'Plane_Crash';\ntext-rendering: geometricPrecision;\ntext-shadow: 1px 1px 1px #d3e6f8;\nmargin-top: 50px;\n-webkit-font-smoothing: antialiased;\n-moz-osx-font-smoothing: grayscale !important;\nline-height: 100% !important;\n}\n#ultra {\nfont-size: 40px;\nposition: relative;\nleft: 94px;\nletter-spacing: 2px;\n}\n#fiord {\nfont-size: 80px;\nletter-spacing: 5px;\nposition: relative;\nleft: 43px;\ntop: -16px;\n}\n#trademark {\nfont-family: PressStyleExtra !important;\nposition: relative;\ntop: -55px;\nfont-size: 30px;\nleft: 35px;\n}\n.epicJourneyFontz {\ntext-shadow: 3px 3px 10px #d3e6f8;\nfont-family: 'PressStyleExtra';\nfont-weight: normal;\n-webkit-font-smoothing: antialiased;\n-moz-osx-font-smoothing: grayscale !important;\nfont-size: 2.5em;\nletter-spacing: 2px;\nline-height: 100%;\ncolor: #1A66B1;\n}\n.epicJourneyz {\nmargin: 0 auto;\ntext-align: center;\nwidth: 100%;\n}\n#primaryTitlez {\nposition: absolute;\ntext-align: center;\nwidth: 100%;\nmargin-top: -210px;\nmargin-left: -25px;\n}\n#mapzContainer {\nwidth:100%;\ntext-align: center;\n}\n.mapTextz {\nbackground-color: var(--color-bluebground);\nwidth: 904px;\nmargin: 0 auto;\nposition: relative;\ntop: -38px;\npadding: 10px 0px;\nletter-spacing: 1px;\nborder-left: 2px solid #0c5086;\nborder-bottom: 2px solid #0c5086;\nborder-right: 2px solid #0c5086;\n}\n.mapFontz {\npadding: 10px;\nmargin: 0 auto;\nfont-size: 14px;\ncolor: #fff;\nfont-family: 'Futura';\ntext-rendering: geometricPrecision;\nfont-weight: normal;\n-webkit-font-smoothing: antialiased;\n-moz-osx-font-smoothing: grayscale !important;\n}\n#mapImagez {\nborder: 2px solid #0c5086;\n}\n#shiftMarginOne {\nmargin-top: 195px;\n}\n@media (max-width: 960px) {\n#mapImagez {\nwidth: 100%;\n}\n.mapTextz {\nwidth: 100%;\n}\n}\n@media (max-width: 510px) {\n#mapImagez {\nwidth: 100%;\n}\n.mapTextz {\nwidth: 100%;\n}\n}\n@media screen and (max-width: 736px) {\n#mapImagez {\nwidth: 100%;\n}\n.mapTextz {\nwidth: 100%;\n}\n#bannerPage {\nbackground-position: 55%;\n}\n}\n@media screen and (max-width: 480px) {\n#mapImagez {\nwidth: 100%;\n}\n.mapTextz {\nwidth: 100%;\n}\n@media screen and (max-width: 480px) and (orientation: portrait) {\n#mapImagez {\nwidth: 100%;\n}\n.mapTextz {\nwidth: 100%;\n}\n#bannerPage {\nbackground-position: 55%;\n}\n}\n<\/style>\n<div id=\"logoTitleContainer\">\n<div id=\"primaryTitlez\">\n<div style=\"position:relative;\">\n<img decoding=\"async\" loading=\"lazy\" src=\"https:\/\/www.ultrafiord.com\/assets\/ufrunner.png\" height=\"68\" width=\"45\" id=\"ufRunner\" \/><\/p>\n<h2 id=\"ufTitlez\"><span id=\"ultra\">ultra<\/span><br \/> <span id=\"fiord\">fiord<\/span><span id=\"trademark\">\u00ae<\/span><\/h2>\n<\/div>\n<\/div>\n<div class=\"epicJourneyz\" id=\"shiftMarginOne\">\n<h2 class=\"epicJourneyFontz\">16K &#8211; 30K &#8211; 42K &#8211; 55K<\/h2>\n<\/div>\n<div class=\"epicJourneyz\" style=\"margin-top:0px !important;\">\n<h2 class=\"epicJourneyFontz\">Un viaje \u00e9pico hacia el m\u00e1gico mundo de los fiordos&#8230;<\/h2>\n<\/div>\n<\/div>\n<div class=\"titleSeperators\">\n<h3 class=\"seperatorTitles\">Concepto de Carrera y Ubicaci\u00f3n<\/h3>\n<\/div>\n<p><\/p>\n<div class=\"squeezed\">\n<p class=\"fontz\"><strong>En el a\u00f1o 2015<\/strong>, Ultra Fiord<sup>\u00ae<\/sup> fue el primer evento de trail running con la distancia de 100 Millas en la Patagonia Sur de Chile. En su corta historia el evento ha convocado a corredores de monta\u00f1a de m\u00e1s de 35 pa\u00edses, que viajaron hasta el extremo sur de la Patagonia para cumplir el sue\u00f1o de correr en uno de los lugares m\u00e1s pr\u00edstinos del paneta! Algunos de los corredores destacados que han pasado por los territorios de Ultra Fiord<sup>\u00ae<\/sup> son Jeff Browning (USA), Xavier Thevenard (Francia), Benoit Girondel (Francia), Philipp Reiter (Alemania), Krissy Moehl (USA), Ragna Debats (Paises Bajos), Nikki Kimball (USA), Pere Aurell (Espa\u00f1a), Gen\u00eds Zapater (Espa\u00f1a), Fernando Naz\u00e1rio (Brasil), Manu Vilaseca (Brasil) y Piotr Hercog (Polonia), entre otros.<\/p>\n<p class=\"fontz\">La ciudad base es <strong>Puerto Natales<\/strong>, ubicada a 250 km al Norte de la capital regional que es Punta Arenas. Geogr\u00e1ficamente, Ultra Paine\u00ae se desarrolla en el extremo sur del continente americano, a 51\u00b0 de latitud sur, en una ubicaci\u00f3n privilegiada de la Patagonia Occidental, al Este del gran Campo de Hielo Sur y en las proximidades del Parque Nacional Torres del Paine, Provincia de \u00daltima Esperanza, Regi\u00f3n de Magallanes y Ant\u00e1rtica Chilena.<\/p>\n<p class=\"fontz\">Desde su origen, Ultra Fiord<sup>\u00ae<\/sup> sorprendi\u00f3 al mundo del trail running con sus rutas en una de las zonas m\u00e1s salvaje de la Patagonia. Algunas de sus im\u00e1genes m\u00e1s ic\u00f3nicas han sido los pasos de alta monta\u00f1a, los cruces sobre glaciares, los bosques pr\u00edstinos y las vistas hacia los fiordos y las monta\u00f1as de Torres del Paine. El car\u00e1cter del evento ha estado marcado por las condiciones meteorol\u00f3gicas propias del extremo sur de la Patagonia, que en momentos pueden ser muy adversas.<\/p>\n<p class=\"fontz\">En sus primeras cinco ediciones <strong>(2015-2019)<\/strong> el evento se desarroll\u00f3 en el mes de abril (oto\u00f1o) y presentaba distancias entre los 30km y las 100 Millas. Sin embargo, para poder darle continuidad al evento, post pandemia, el modelo original de Ultra Fiord se ajust\u00f3. El evento se cambi\u00f3 a febrero (verano en la Patagonia) y adem\u00e1s se recortaron las distancias m\u00e1s largas, pero conservando la zona geogr\u00e1fica m\u00e1s emblem\u00e1tica del evento. De este modo, el nuevo modelo qued\u00f3 con cuatro opciones de carrera: <strong>16K, 30K, 42K y 55K<\/strong>. En Ultra Fiord los niveles de dificultad no solo dependen de la distancia y de la altimetr\u00eda, aqu\u00ed las condiciones del terreno son uno de los factores m\u00e1s relevantes y a esto se suma la variable de las condiciones meteorol\u00f3gicas del d\u00eda de carrera. Todas las opciones de carrera exigen experiencia previa.<\/p>\n<p class=\"fontz\">Ultra Fiord<sup>\u00ae<\/sup> es una experiencia \u00fanica e inolvidable, pero al momento de pensar en participar es muy importante considerar que este evento ha sido dise\u00f1ado para corredores de monta\u00f1a con experiencia. Las rutas de carrera penetran hacia zonas salvajes, monta\u00f1osas y sin accesos vehiculares. Adem\u00e1s, el clima es inquieto y a veces puede llegar a ser muy hostil. Entonces, antes de tomar la decisi\u00f3n de inscribirte, te invitamos a revisar toda la informaci\u00f3n disponible en esta p\u00e1gina y a enviarnos todas tus dudas. Aunque para inscribirte debes pasar por un proceso de selecci\u00f3n, lo m\u00e1s importante es que t\u00fa tengas la seguridad de que ya estas preparado para este desaf\u00edo!<\/p>\n<p class=\"fontz\"><strong>Ultra Fiord<sup>\u00ae<\/sup><\/strong> es parte del proyecto <strong>Racing Patagonia<sup>\u00ae<\/sup><\/strong>, creado por <strong>Stjepan Pavicic \u2013 ge\u00f3logo, ex atleta y monta\u00f1ista \u2013 en el a\u00f1o 2002<\/strong>. Desde su origen, este proyecto busca promover la Patagonia chilena en el mundo y aportar al desarrollo sostenible del turismo y de la comunidad local. Puedes encontrar m\u00e1s informaci\u00f3n en <a href=\"https:\/\/www.racingpatagonia.com\/\" target=\"_blank\" title=\"Racing Patagonia Website\" rel=\"noopener noreferrer\">www.racingpatagonia.com<\/a> y seguirnos en Instagram: <a href=\"https:\/\/instagram.com\/racingpatagonia\" target=\"_blank\" title=\"Instagram @racingpatagonia\" rel=\"noopener noreferrer\">@racingpatagonia<\/a>.<\/p>\n<\/div>\n<p><\/p>\n<div class=\"epicJourneyz\" style=\"margin-top:0px !important;\">\n<h2 class=\"epicJourneyFontz\">Bienvenidos a ULTRA FIORD<sup style=\"font-size: 0.4em;position: relative;top: 4px;\">\u00ae<\/sup<\/h2>\n<\/div>\n<div id=\"mapzContainer\">\n<a href=\"https:\/\/www.ultrafiord.com\/assets\/maps\/2024\/Mapa_UF_2024_Full.jpg\" target=\"_blank\" title=\"Ultra Fiord 2024 Mapa\" rel=\"noopener noreferrer\"><img decoding=\"async\" src=\"https:\/\/www.ultrafiord.com\/assets\/maps\/2024\/Mapa_UltraFiord_2024_900px.png\" alt=\"Ultra Fiord 2024 Mapa\" id=\"mapImagez\" \/><\/a><\/p>\n<div class=\"mapTextz\">\n<p class=\"mapFontz\">En este mapa se presenta la zona de carrera y algunos puntos relevantes, como Puerto Natales (ciudad base), la partida y meta, el paso de monta\u00f1a Abelardo, y las principales rutas vehiculares de la zona (en color rojo). Pero tambi\u00e9n es posible percibir el contexto geogr\u00e1fico del \u00e1rea, con extensos fiordos, enormes glaciares y, hacia el N y NW, el Parque Nacional Torres del Paine.<\/p>\n<\/div>\n<\/div>\n<\/div>\n<p><\/p>","protected":false},"excerpt":{"rendered":"<p>ultra fiord\u00ae 16K &#8211; 30K &#8211; 42K &#8211; 55K Un viaje \u00e9pico hacia el m\u00e1gico mundo de los fiordos&#8230; Concepto de Carrera y Ubicaci\u00f3n En el a\u00f1o 2015, Ultra Fiord\u00ae fue el primer evento de trail running con la distancia de 100 Millas en la Patagonia Sur de Chile. En su corta historia el evento [&hellip;]<\/p>\n","protected":false},"author":1,"featured_media":0,"parent":0,"menu_order":0,"comment_status":"closed","ping_status":"closed","template":"","meta":[],"_links":{"self":[{"href":"https:\/\/www.ultrafiord.com\/es\/wp-json\/wp\/v2\/pages\/10"}],"collection":[{"href":"https:\/\/www.ultrafiord.com\/es\/wp-json\/wp\/v2\/pages"}],"about":[{"href":"https:\/\/www.ultrafiord.com\/es\/wp-json\/wp\/v2\/types\/page"}],"author":[{"embeddable":true,"href":"https:\/\/www.ultrafiord.com\/es\/wp-json\/wp\/v2\/users\/1"}],"replies":[{"embeddable":true,"href":"https:\/\/www.ultrafiord.com\/es\/wp-json\/wp\/v2\/comments?post=10"}],"version-history":[{"count":46,"href":"https:\/\/www.ultrafiord.com\/es\/wp-json\/wp\/v2\/pages\/10\/revisions"}],"predecessor-version":[{"id":920,"href":"https:\/\/www.ultrafiord.com\/es\/wp-json\/wp\/v2\/pages\/10\/revisions\/920"}],"wp:attachment":[{"href":"https:\/\/www.ultrafiord.com\/es\/wp-json\/wp\/v2\/media?parent=10"}],"curies":[{"name":"wp","href":"https:\/\/api.w.org\/{rel}","templated":true}]}}